{"id":3372,"date":"2020-11-24T12:02:46","date_gmt":"2020-11-24T12:02:46","guid":{"rendered":"https:\/\/www.imexgida.com\/?page_id=3372"},"modified":"2021-07-29T09:31:21","modified_gmt":"2021-07-29T09:31:21","slug":"alabalik","status":"publish","type":"page","link":"https:\/\/www.imexgida.com\/ru\/alabalik\/","title":{"rendered":"\u0424\u043e\u0440\u0435\u043b\u044c"},"content":{"rendered":"<section class=\"l-section wpb_row height_medium\"><div class=\"l-section-h i-cf\"><div class=\"g-cols type_default valign_top\"><div class=\"vc_col-sm-12 wpb_column vc_column_container\"><div class=\"vc_column-inner\"><div class=\"wpb_wrapper\"><div class=\"w-image align_center\"><div class=\"us-frame\"><img width=\"438\" height=\"119\" src=\"https:\/\/www.imexgida.com\/wp-content\/uploads\/2020\/11\/balik_alabalik-1.png\" class=\"attachment-full size-full\" alt=\"\" srcset=\"https:\/\/www.imexgida.com\/wp-content\/uploads\/2020\/11\/balik_alabalik-1.png 438w, https:\/\/www.imexgida.com\/wp-content\/uploads\/2020\/11\/balik_alabalik-1-300x82.png 300w\" sizes=\"(max-width: 438px) 100vw, 438px\" \/><\/div><\/div>\r\n\t<div class=\"wpb_text_column \">\r\n\t\t<div class=\"wpb_wrapper\">\r\n\t\t\t<div class=\"ld-fancy-heading text-center ld_fancy_heading_5fb4e143aee63\">\n<div class=\"ld-fancy-heading text-center ld_fancy_heading_5fb4e143cff42\">\n<div class=\"ld-fancy-heading text-center ld_fancy_heading_5fb4e14410e6c\">\n<div class=\"ld-fancy-heading text-center ld_fancy_heading_5fbbaf4d9ca49\">\n<h4 class=\"lqd-highlight-underline lqd-highlight-grow-left\" style=\"text-align: center;\"><span class=\"ld-fh-txt\">G\u00f6kku\u015fa\u011f\u0131 Alabal\u0131\u011f\u0131 (Oncorhynchus Mykiss)<\/span><\/h4>\n<\/div>\n<header class=\"fancy-title text-center ld_section_title_5fbbaf4d9cfb8\">\n<p style=\"text-align: center;\">Alabal\u0131k iyi bir Omega-3 ya\u011f asidi kayna\u011f\u0131 olup, doymu\u015f ya\u011f oran\u0131 ile kalorisi \u00e7ok d\u00fc\u015f\u00fck bir bal\u0131kt\u0131r.<\/p>\n<\/header>\n<\/div>\n<\/div>\n<\/div>\n\r\n\t\t<\/div>\r\n\t<\/div>\r\n<div class=\"ult_pricing_table_wrap ult_info_table ult_design_4  ult-cs-red  \">\r\n\t\t\t\t\t<div class=\"ult_pricing_table \" style=\" \"><div id=\"Info-table-wrap-4337\" class=\"ult_pricing_heading\">\r\n\t\t\t\t\t\t\t<h3 class=\"ult-responsive\"  data-ultimate-target='#Info-table-wrap-4337 h3'  data-responsive-json-new='{\"font-size\":\"\",\"line-height\":\"\"}'  style=\"font-weight:bold;\">Dondurulmu\u015f B\u00fct\u00fcn Alabal\u0131k<\/h3><\/div><!--ult_pricing_heading--><div id=\"info_table_features_wrap-9356\"  data-ultimate-target='#info_table_features_wrap-9356.ult_price_features'  data-responsive-json-new='{\"font-size\":\"\",\"line-height\":\"\"}'  class=\"ult-responsive ult_price_features\" style=\"font-weight:normal;\">\r\n\t\t\t\t\t\t\t<p style=\"text-align: center;\"><strong>Kalibre<\/strong><\/p>\n<hr \/>\n<p style=\"text-align: center;\">300-500gr, \/ 500-900gr.<\/p>\n<hr \/>\n<p style=\"text-align: center;\"><strong>Glaze<\/strong><\/p>\n<hr \/>\n<p style=\"text-align: center;\">%5<\/p>\n<hr \/>\n<p style=\"text-align: center;\"><strong>Ambalaj<\/strong><\/p>\n<hr \/>\n<p style=\"text-align: center;\">750 gr, 1000 gr bask\u0131l\u0131 po\u015fetlerde<\/p>\n<hr \/>\n<p style=\"text-align: center;\">10 kg, 15 kg 25 kg\u2019l\u0131k kolilerde<\/p>\n\r\n\t\t\t\t\t\t<\/div><!--ult_price_features--><div class=\"ult_clr\"><\/div>\r\n\t\t\t<\/div><!--pricing_table-->\r\n\t\t<\/div><!--pricing_table_wrap--><div class=\"ult_pricing_table_wrap ult_info_table ult_design_4  ult-cs-red  \">\r\n\t\t\t\t\t<div class=\"ult_pricing_table \" style=\" \"><div id=\"Info-table-wrap-8718\" class=\"ult_pricing_heading\">\r\n\t\t\t\t\t\t\t<h3 class=\"ult-responsive\"  data-ultimate-target='#Info-table-wrap-8718 h3'  data-responsive-json-new='{\"font-size\":\"\",\"line-height\":\"\"}'  style=\"font-weight:bold;\">Dondurulmu\u015f Kafas\u0131 \u00dczerinde Temizlenmi\u015f Alabal\u0131k<\/h3><\/div><!--ult_pricing_heading--><div id=\"info_table_features_wrap-4183\"  data-ultimate-target='#info_table_features_wrap-4183.ult_price_features'  data-responsive-json-new='{\"font-size\":\"\",\"line-height\":\"\"}'  class=\"ult-responsive ult_price_features\" style=\"font-weight:normal;\">\r\n\t\t\t\t\t\t\t<p style=\"text-align: center;\"><strong>Kalibre<\/strong><\/p>\n<hr \/>\n<p style=\"text-align: center;\">250-300gr, \/ 300-350gr.<\/p>\n<hr \/>\n<p style=\"text-align: center;\"><strong>Glaze<\/strong><\/p>\n<hr \/>\n<p style=\"text-align: center;\">%5<\/p>\n<hr \/>\n<p style=\"text-align: center;\"><strong>Ambalaj<\/strong><\/p>\n<hr \/>\n<p style=\"text-align: center;\">750 gr, 1000 gr bask\u0131l\u0131 po\u015fetlerde<\/p>\n<hr \/>\n<p style=\"text-align: center;\">10 kg, 15 kg, 25 kg\u2019l\u0131k kolilerde<\/p>\n\r\n\t\t\t\t\t\t<\/div><!--ult_price_features--><div class=\"ult_clr\"><\/div>\r\n\t\t\t<\/div><!--pricing_table-->\r\n\t\t<\/div><!--pricing_table_wrap--><div class=\"ult_pricing_table_wrap ult_info_table ult_design_4  ult-cs-red  \">\r\n\t\t\t\t\t<div class=\"ult_pricing_table \" style=\" \"><div id=\"Info-table-wrap-4825\" class=\"ult_pricing_heading\">\r\n\t\t\t\t\t\t\t<h3 class=\"ult-responsive\"  data-ultimate-target='#Info-table-wrap-4825 h3'  data-responsive-json-new='{\"font-size\":\"\",\"line-height\":\"\"}'  style=\"font-weight:bold;\">Dondurulmu\u015f Temizlenmi\u015f Alabal\u0131k<\/h3><\/div><!--ult_pricing_heading--><div id=\"info_table_features_wrap-7282\"  data-ultimate-target='#info_table_features_wrap-7282.ult_price_features'  data-responsive-json-new='{\"font-size\":\"\",\"line-height\":\"\"}'  class=\"ult-responsive ult_price_features\" style=\"font-weight:normal;\">\r\n\t\t\t\t\t\t\t<p style=\"text-align: center;\"><strong>Kalibre<\/strong><\/p>\n<hr \/>\n<p style=\"text-align: center;\">200-250 gr, \/\u00a0 250-300 gr.<\/p>\n<hr \/>\n<p style=\"text-align: center;\"><strong>Glaze<\/strong><\/p>\n<hr \/>\n<p style=\"text-align: center;\">%3<\/p>\n<hr \/>\n<p style=\"text-align: center;\"><strong>Ambalaj<\/strong><\/p>\n<hr \/>\n<p style=\"text-align: center;\">750 gr, 1000 gr bask\u0131l\u0131 po\u015fetlerde<\/p>\n<hr \/>\n<p style=\"text-align: center;\">5 kg, 10 kg,\u00a0 20 kg\u2019l\u0131k kolilerde<\/p>\n\r\n\t\t\t\t\t\t<\/div><!--ult_price_features--><div class=\"ult_clr\"><\/div>\r\n\t\t\t<\/div><!--pricing_table-->\r\n\t\t<\/div><!--pricing_table_wrap--><div class=\"g-cols wpb_row type_default valign_top vc_inner \"><div class=\"vc_col-sm-6 wpb_column vc_column_container\"><div class=\"vc_column-inner\"><div class=\"wpb_wrapper\"><div class=\"ult_pricing_table_wrap ult_info_table ult_design_4  ult-cs-blue  \">\r\n\t\t\t\t\t<div class=\"ult_pricing_table \" style=\" \"><div id=\"Info-table-wrap-8062\" class=\"ult_pricing_heading\">\r\n\t\t\t\t\t\t\t<h3 class=\"ult-responsive\"  data-ultimate-target='#Info-table-wrap-8062 h3'  data-responsive-json-new='{\"font-size\":\"\",\"line-height\":\"\"}'  style=\"font-weight:bold;color:#2867b6;\">Besin De\u011feri<\/h3><\/div><!--ult_pricing_heading--><div id=\"info_table_features_wrap-9434\"  data-ultimate-target='#info_table_features_wrap-9434.ult_price_features'  data-responsive-json-new='{\"font-size\":\"\",\"line-height\":\"\"}'  class=\"ult-responsive ult_price_features\" style=\"font-weight:normal;\">\r\n\t\t\t\t\t\t\t<p style=\"text-align: center;\"><strong>Enerji<\/strong><\/p>\n<hr \/>\n<p style=\"text-align: center;\"><strong>Protein<\/strong><\/p>\n<hr \/>\n<p style=\"text-align: center;\"><strong>Ya\u011f<\/strong><\/p>\n\r\n\t\t\t\t\t\t<\/div><!--ult_price_features--><div class=\"ult_clr\"><\/div>\r\n\t\t\t<\/div><!--pricing_table-->\r\n\t\t<\/div><!--pricing_table_wrap--><\/div><\/div><\/div><div class=\"vc_col-sm-6 wpb_column vc_column_container\"><div class=\"vc_column-inner\"><div class=\"wpb_wrapper\"><div class=\"ult_pricing_table_wrap ult_info_table ult_design_4  ult-cs-green  \">\r\n\t\t\t\t\t<div class=\"ult_pricing_table \" style=\" \"><div id=\"Info-table-wrap-7923\" class=\"ult_pricing_heading\">\r\n\t\t\t\t\t\t\t<h3 class=\"ult-responsive\"  data-ultimate-target='#Info-table-wrap-7923 h3'  data-responsive-json-new='{\"font-size\":\"\",\"line-height\":\"\"}'  style=\"font-weight:bold;color:#17924b;\">100 gr i\u00e7in<\/h3><\/div><!--ult_pricing_heading--><div id=\"info_table_features_wrap-6519\"  data-ultimate-target='#info_table_features_wrap-6519.ult_price_features'  data-responsive-json-new='{\"font-size\":\"\",\"line-height\":\"\"}'  class=\"ult-responsive ult_price_features\" style=\"font-weight:normal;\">\r\n\t\t\t\t\t\t\t<p style=\"text-align: center;\">115 <strong>KCal<\/strong><\/p>\n<hr \/>\n<p style=\"text-align: center;\">21 <strong>gr<\/strong><\/p>\n<hr \/>\n<p style=\"text-align: center;\">4,5 <strong>gr<\/strong><\/p>\n\r\n\t\t\t\t\t\t<\/div><!--ult_price_features--><div class=\"ult_clr\"><\/div>\r\n\t\t\t<\/div><!--pricing_table-->\r\n\t\t<\/div><!--pricing_table_wrap--><\/div><\/div><\/div><\/div><div class=\"ult_pricing_table_wrap ult_info_table ult_design_4  ult-cs-yellow  \">\r\n\t\t\t\t\t<div class=\"ult_pricing_table \" style=\" \"><div id=\"Info-table-wrap-8343\" class=\"ult_pricing_heading\">\r\n\t\t\t\t\t\t\t<h3 class=\"ult-responsive\"  data-ultimate-target='#Info-table-wrap-8343 h3'  data-responsive-json-new='{\"font-size\":\"\",\"line-height\":\"\"}'  style=\"font-weight:bold;color:#f1a90f;\">Raf \u00d6mr\u00fc<\/h3><\/div><!--ult_pricing_heading--><div id=\"info_table_features_wrap-2200\"  data-ultimate-target='#info_table_features_wrap-2200.ult_price_features'  data-responsive-json-new='{\"font-size\":\"\",\"line-height\":\"\"}'  class=\"ult-responsive ult_price_features\" style=\"font-weight:normal;\">\r\n\t\t\t\t\t\t\t<p style=\"text-align: center;\">Taze \u00dcr\u00fcn: 14 g\u00fcn<\/p>\n<hr \/>\n<p style=\"text-align: center;\">Dondurulmu\u015f \u00fcr\u00fcn: 18 ay<\/p>\n\r\n\t\t\t\t\t\t<\/div><!--ult_price_features--><div class=\"ult_clr\"><\/div>\r\n\t\t\t<\/div><!--pricing_table-->\r\n\t\t<\/div><!--pricing_table_wrap--><\/div><\/div><\/div><\/div><\/div><\/section>","protected":false},"excerpt":{"rendered":"Facebook Twitter YouTube Instagram \u041a\u043e\u0440\u043f\u043e\u0440\u0430\u0442\u0438\u0432\u043d\u044b\u0439\u0413\u041b\u0410\u0412\u041d\u0410\u042f \u0421\u0422\u0420\u0410\u041d\u0418\u0426\u0410 \u041a\u041e\u0420\u041f\u041e\u0420\u0410\u0422\u0418\u0412\u041d\u042b\u0419 \u0422\u041e\u0412\u0410\u0420\u042b \u0421\u0412\u0415\u0416\u0418\u0415 \u041f\u0420\u041e\u0414\u0423\u041a\u0422\u042b \u0417\u0410\u041c\u041e\u0420\u041e\u0416\u0415\u041d\u041d\u042b\u0415 \u041f\u0420\u041e\u0414\u0423\u041a\u0422\u042b \u0410\u043d\u0447\u043e\u0443\u0441\u044b \u042d\u041a\u0421\u041f\u041e\u0420\u0422 \u041a\u041e\u041d\u0422\u0410\u041a\u0422\u042b \u042f\u0437\u044b\u043a:&nbsp; &nbsp;Turkish &nbsp;English &nbsp;\u0420\u0443\u0441\u0441\u043a\u0438\u0439 \u041c\u0435\u043d\u044e\u0413\u041b\u0410\u0412\u041d\u0410\u042f \u0421\u0422\u0420\u0410\u041d\u0418\u0426\u0410 \u041a\u041e\u0420\u041f\u041e\u0420\u0410\u0422\u0418\u0412\u041d\u042b\u0419 \u0422\u041e\u0412\u0410\u0420\u042b \u0421\u0412\u0415\u0416\u0418\u0415 \u041f\u0420\u041e\u0414\u0423\u041a\u0422\u042b \u0417\u0410\u041c\u041e\u0420\u041e\u0416\u0415\u041d\u041d\u042b\u0415 \u041f\u0420\u041e\u0414\u0423\u041a\u0422\u042b \u0410\u043d\u0447\u043e\u0443\u0441\u044b \u042d\u041a\u0421\u041f\u041e\u0420\u0422 \u041a\u041e\u041d\u0422\u0410\u041a\u0422\u042b \u042f\u0437\u044b\u043a:&nbsp; &nbsp;Turkish &nbsp;English &nbsp;\u0420\u0443\u0441\u0441\u043a\u0438\u0439 \u0421\u0432\u044f\u0437\u0430\u0442\u044c\u0441\u044f \u0441 \u043d\u0430\u043c\u0438 \u0130skenderpa\u015fa Mah. Dervi\u015fo\u011flu Sok. No:9\/101 Ortahisar \/ TRABZON+90 (532) 363 09 06+90 (532) 330 44 56imex@imexgida.com Copyright \u00a9...","protected":false},"author":1,"featured_media":0,"parent":0,"menu_order":0,"comment_status":"open","ping_status":"closed","template":"","meta":[],"_links":{"self":[{"href":"https:\/\/www.imexgida.com\/ru\/wp-json\/wp\/v2\/pages\/3372"}],"collection":[{"href":"https:\/\/www.imexgida.com\/ru\/wp-json\/wp\/v2\/pages"}],"about":[{"href":"https:\/\/www.imexgida.com\/ru\/wp-json\/wp\/v2\/types\/page"}],"author":[{"embeddable":true,"href":"https:\/\/www.imexgida.com\/ru\/wp-json\/wp\/v2\/users\/1"}],"replies":[{"embeddable":true,"href":"https:\/\/www.imexgida.com\/ru\/wp-json\/wp\/v2\/comments?post=3372"}],"version-history":[{"count":14,"href":"https:\/\/www.imexgida.com\/ru\/wp-json\/wp\/v2\/pages\/3372\/revisions"}],"predecessor-version":[{"id":3839,"href":"https:\/\/www.imexgida.com\/ru\/wp-json\/wp\/v2\/pages\/3372\/revisions\/3839"}],"wp:attachment":[{"href":"https:\/\/www.imexgida.com\/ru\/wp-json\/wp\/v2\/media?parent=3372"}],"curies":[{"name":"wp","href":"https:\/\/api.w.org\/{rel}","templated":true}]}}