{"id":3283,"date":"2020-11-21T12:52:23","date_gmt":"2020-11-21T12:52:23","guid":{"rendered":"https:\/\/www.imexgida.com\/?page_id=3283"},"modified":"2021-06-19T13:39:20","modified_gmt":"2021-06-19T13:39:20","slug":"cipura-sparus-aurata","status":"publish","type":"page","link":"https:\/\/www.imexgida.com\/ru\/cipura-sparus-aurata\/","title":{"rendered":"\u043c\u043e\u0440\u0441\u043a\u043e\u0439 \u0434\u043e\u0440\u0430\u0434\u043e"},"content":{"rendered":"<section class=\"l-section wpb_row height_medium\"><div class=\"l-section-h i-cf\"><div class=\"g-cols type_default valign_top\"><div class=\"vc_col-sm-12 wpb_column vc_column_container\"><div class=\"vc_column-inner\"><div class=\"wpb_wrapper\"><div class=\"w-image align_center\"><div class=\"us-frame\"><img width=\"420\" height=\"144\" src=\"https:\/\/www.imexgida.com\/wp-content\/uploads\/2020\/11\/balik_cipura.png\" class=\"attachment-full size-full\" alt=\"\" srcset=\"https:\/\/www.imexgida.com\/wp-content\/uploads\/2020\/11\/balik_cipura.png 420w, https:\/\/www.imexgida.com\/wp-content\/uploads\/2020\/11\/balik_cipura-300x103.png 300w\" sizes=\"(max-width: 420px) 100vw, 420px\" \/><\/div><\/div>\r\n\t<div class=\"wpb_text_column \">\r\n\t\t<div class=\"wpb_wrapper\">\r\n\t\t\t<div class=\"ld-fancy-heading text-center ld_fancy_heading_5fb4e143aee63\">\n<div class=\"ld-fancy-heading text-center ld_fancy_heading_5fb4e143cff42\">\n<div class=\"ld-fancy-heading text-center ld_fancy_heading_5fb4e14410e6c\">\n<h4 class=\"lqd-highlight-underline lqd-highlight-grow-left\" style=\"text-align: center;\"><span class=\"ld-fh-txt\">\u043c\u043e\u0440\u0441\u043a\u043e\u0439 \u0434\u043e\u0440\u0430\u0434\u043e (Sparus Aurata)<\/span><\/h4>\n<\/div>\n<header class=\"fancy-title text-center ld_section_title_5fb4e1441130d\">\n<p style=\"text-align: center;\">\u041c\u043e\u0440\u0441\u043a\u043e\u0439 \u0434\u043e\u0440\u0430\u0434\u043e\u00a0 \u0431\u043e\u0433\u0430\u0442 \u0436\u0438\u0440\u043d\u044b\u043c\u0438 \u043a\u0438\u0441\u043b\u043e\u0442\u0430\u043c\u0438 \u041e\u043c\u0435\u0433\u0430-3, \u0430 \u0442\u0430\u043a\u0436\u0435 \u044f\u0432\u043b\u044f\u0435\u0442\u0441\u044f \u0437\u0430\u043f\u0430\u0441\u043e\u043c \u0431\u0435\u043b\u043a\u0430 \u0438 \u044d\u043d\u0435\u0440\u0433\u0438\u0438.<\/p>\n<\/header>\n<\/div>\n<\/div>\n\r\n\t\t<\/div>\r\n\t<\/div>\r\n<div class=\"ult_pricing_table_wrap ult_info_table ult_design_4  ult-cs-red  \">\r\n\t\t\t\t\t<div class=\"ult_pricing_table \" style=\" \"><div id=\"Info-table-wrap-7346\" class=\"ult_pricing_heading\">\r\n\t\t\t\t\t\t\t<h3 class=\"ult-responsive\"  data-ultimate-target='#Info-table-wrap-7346 h3'  data-responsive-json-new='{\"font-size\":\"\",\"line-height\":\"\"}'  style=\"font-weight:bold;\">\u0421\u0432\u0435\u0436\u0438\u0439 \u043e\u0445\u043b\u0430\u0436\u0434\u0435\u043d\u043d\u044b\u0439 \u043c\u043e\u0440\u0441\u043a\u043e\u0439 \u0434\u043e\u0440\u0430\u0434\u043e<\/h3><\/div><!--ult_pricing_heading--><div id=\"info_table_features_wrap-9571\"  data-ultimate-target='#info_table_features_wrap-9571.ult_price_features'  data-responsive-json-new='{\"font-size\":\"\",\"line-height\":\"\"}'  class=\"ult-responsive ult_price_features\" style=\"font-weight:normal;\">\r\n\t\t\t\t\t\t\t<p style=\"text-align: center;\"><strong>\u041a\u0430\u043b\u0438\u0431\u0440<\/strong><\/p>\n<hr \/>\n<p style=\"text-align: center;\">200-400 \u0433, 400-600 \u0433, 600-800 \u0433, 800-1000 \u0433, 1000-1500 \u0433 \/ \u0448\u0442.<\/p>\n<hr \/>\n<p style=\"text-align: center;\"><strong>\u0423\u043f\u0430\u043a\u043e\u0432\u043a\u0430<\/strong><\/p>\n<hr \/>\n<p style=\"text-align: center;\">5 \u043a\u0433, 10 \u043a\u0433, 25 \u0432 \u043a\u043e\u0440\u043e\u0431\u043a\u0430\u0445 EPS<\/p>\n\r\n\t\t\t\t\t\t<\/div><!--ult_price_features--><div class=\"ult_clr\"><\/div>\r\n\t\t\t<\/div><!--pricing_table-->\r\n\t\t<\/div><!--pricing_table_wrap--><div class=\"ult_pricing_table_wrap ult_info_table ult_design_4  ult-cs-red  \">\r\n\t\t\t\t\t<div class=\"ult_pricing_table \" style=\" \"><div id=\"Info-table-wrap-8555\" class=\"ult_pricing_heading\">\r\n\t\t\t\t\t\t\t<h3 class=\"ult-responsive\"  data-ultimate-target='#Info-table-wrap-8555 h3'  data-responsive-json-new='{\"font-size\":\"\",\"line-height\":\"\"}'  style=\"font-weight:bold;\">\u0421\u0432\u0435\u0436\u0438\u0439 \u043e\u0445\u043b\u0430\u0436\u0434\u0435\u043d\u043d\u044b\u0439 \u043e\u0447\u0438\u0449\u0435\u043d\u043d\u044b\u0439 \u043c\u043e\u0440\u0441\u043a\u043e\u0439 \u0434\u043e\u0440\u0430\u0434\u043e<\/h3><\/div><!--ult_pricing_heading--><div id=\"info_table_features_wrap-6797\"  data-ultimate-target='#info_table_features_wrap-6797.ult_price_features'  data-responsive-json-new='{\"font-size\":\"\",\"line-height\":\"\"}'  class=\"ult-responsive ult_price_features\" style=\"font-weight:normal;\">\r\n\t\t\t\t\t\t\t<p style=\"text-align: center;\"><strong>\u041a\u0430\u043b\u0438\u0431\u0440<\/strong><\/p>\n<hr \/>\n<p style=\"text-align: center;\">200-400 \u0433, 400-600 \u0433, 600-800 \u0433, 800-1000 \u0433, 1000-1500 \u0433 \/ \u0448\u0442.<\/p>\n<hr \/>\n<p style=\"text-align: center;\"><strong>\u0423\u043f\u0430\u043a\u043e\u0432\u043a\u0430<\/strong><\/p>\n<hr \/>\n<p style=\"text-align: center;\">\u0412 \u043a\u043e\u0440\u043e\u0431\u043a\u0430\u0445 \u0438\u0437 \u043f\u0435\u043d\u043e\u043f\u043e\u043b\u0438\u0441\u0442\u0438\u0440\u043e\u043b\u0430 \u043f\u043e 5 \u043a\u0433, 10 \u043a\u0433, 25 \u043a\u0433<\/p>\n\r\n\t\t\t\t\t\t<\/div><!--ult_price_features--><div class=\"ult_clr\"><\/div>\r\n\t\t\t<\/div><!--pricing_table-->\r\n\t\t<\/div><!--pricing_table_wrap--><div class=\"ult_pricing_table_wrap ult_info_table ult_design_4  ult-cs-red  \">\r\n\t\t\t\t\t<div class=\"ult_pricing_table \" style=\" \"><div id=\"Info-table-wrap-1914\" class=\"ult_pricing_heading\">\r\n\t\t\t\t\t\t\t<h3 class=\"ult-responsive\"  data-ultimate-target='#Info-table-wrap-1914 h3'  data-responsive-json-new='{\"font-size\":\"\",\"line-height\":\"\"}'  style=\"font-weight:bold;\">\u0421\u0432\u0435\u0436\u0435\u0435 \u043e\u0445\u043b\u0430\u0436\u0434\u0435\u043d\u043d\u043e\u0435 \u0444\u0438\u043b\u0435 \u043c\u043e\u0440\u0441\u043a\u043e\u0433\u043e \u0434\u043e\u0440\u0430\u0434\u043e<\/h3><\/div><!--ult_pricing_heading--><div id=\"info_table_features_wrap-5457\"  data-ultimate-target='#info_table_features_wrap-5457.ult_price_features'  data-responsive-json-new='{\"font-size\":\"\",\"line-height\":\"\"}'  class=\"ult-responsive ult_price_features\" style=\"font-weight:normal;\">\r\n\t\t\t\t\t\t\t<p style=\"text-align: center;\"><strong>\u041a\u0430\u043b\u0438\u0431\u0440<\/strong><\/p>\n<hr \/>\n<p style=\"text-align: center;\">100-200 \u0433, 200-300 \u0433, 300-400 \u0433, 400-600 \u0433 \/ \u0448\u0442.<\/p>\n<hr \/>\n<p style=\"text-align: center;\"><strong>\u0423\u043f\u0430\u043a\u043e\u0432\u043a\u0430<\/strong><\/p>\n<hr \/>\n<p style=\"text-align: center;\">\u042f\u0449\u0438\u043a\u0438 EPS 5 \u043a\u0433, 10 \u043a\u0433<\/p>\n\r\n\t\t\t\t\t\t<\/div><!--ult_price_features--><div class=\"ult_clr\"><\/div>\r\n\t\t\t<\/div><!--pricing_table-->\r\n\t\t<\/div><!--pricing_table_wrap--><div class=\"g-cols wpb_row type_default valign_top vc_inner \"><div class=\"vc_col-sm-6 wpb_column vc_column_container\"><div class=\"vc_column-inner\"><div class=\"wpb_wrapper\"><div class=\"ult_pricing_table_wrap ult_info_table ult_design_4  ult-cs-blue  \">\r\n\t\t\t\t\t<div class=\"ult_pricing_table \" style=\" \"><div id=\"Info-table-wrap-9759\" class=\"ult_pricing_heading\">\r\n\t\t\t\t\t\t\t<h3 class=\"ult-responsive\"  data-ultimate-target='#Info-table-wrap-9759 h3'  data-responsive-json-new='{\"font-size\":\"\",\"line-height\":\"\"}'  style=\"font-weight:bold;color:#2867b6;\">\u041f\u0438\u0442\u0430\u0442\u0435\u043b\u044c\u043d\u0430\u044f \u0446\u0435\u043d\u043d\u043e\u0441\u0442\u044c<\/h3><\/div><!--ult_pricing_heading--><div id=\"info_table_features_wrap-3079\"  data-ultimate-target='#info_table_features_wrap-3079.ult_price_features'  data-responsive-json-new='{\"font-size\":\"\",\"line-height\":\"\"}'  class=\"ult-responsive ult_price_features\" style=\"font-weight:normal;\">\r\n\t\t\t\t\t\t\t<p style=\"text-align: center;\"><strong>Enerji<\/strong><\/p>\n<hr \/>\n<p style=\"text-align: center;\"><strong>\u0423\u0433\u043b\u0435\u0432\u043e\u0434\u044b<\/strong><\/p>\n<hr \/>\n<p style=\"text-align: center;\"><strong>\u041f\u0440\u043e\u0442\u0435\u0438\u043d<\/strong><\/p>\n<hr \/>\n<p style=\"text-align: center;\"><strong>\u041c\u0430\u0441\u043b\u043e<\/strong><\/p>\n\r\n\t\t\t\t\t\t<\/div><!--ult_price_features--><div class=\"ult_clr\"><\/div>\r\n\t\t\t<\/div><!--pricing_table-->\r\n\t\t<\/div><!--pricing_table_wrap--><\/div><\/div><\/div><div class=\"vc_col-sm-6 wpb_column vc_column_container\"><div class=\"vc_column-inner\"><div class=\"wpb_wrapper\"><div class=\"ult_pricing_table_wrap ult_info_table ult_design_4  ult-cs-green  \">\r\n\t\t\t\t\t<div class=\"ult_pricing_table \" style=\" \"><div id=\"Info-table-wrap-9269\" class=\"ult_pricing_heading\">\r\n\t\t\t\t\t\t\t<h3 class=\"ult-responsive\"  data-ultimate-target='#Info-table-wrap-9269 h3'  data-responsive-json-new='{\"font-size\":\"\",\"line-height\":\"\"}'  style=\"font-weight:bold;color:#17924b;\">\u041d\u0430 100 \u0433<\/h3><\/div><!--ult_pricing_heading--><div id=\"info_table_features_wrap-4787\"  data-ultimate-target='#info_table_features_wrap-4787.ult_price_features'  data-responsive-json-new='{\"font-size\":\"\",\"line-height\":\"\"}'  class=\"ult-responsive ult_price_features\" style=\"font-weight:normal;\">\r\n\t\t\t\t\t\t\t<p style=\"text-align: center;\">128,17 <strong>\u041a\u043a\u0430\u043b<\/strong><\/p>\n<hr \/>\n<p style=\"text-align: center;\">0,73 <strong>\u0433\u0440<\/strong><\/p>\n<hr \/>\n<p style=\"text-align: center;\">23,42 <strong>\u0433\u0440<\/strong><\/p>\n<hr \/>\n<p style=\"text-align: center;\">6,98 <strong>\u0433\u0440<\/strong><\/p>\n\r\n\t\t\t\t\t\t<\/div><!--ult_price_features--><div class=\"ult_clr\"><\/div>\r\n\t\t\t<\/div><!--pricing_table-->\r\n\t\t<\/div><!--pricing_table_wrap--><\/div><\/div><\/div><div class=\"vc_col-sm-12 wpb_column vc_column_container\"><div class=\"vc_column-inner\"><div class=\"wpb_wrapper\"><\/div><\/div><\/div><\/div><\/div><\/div><\/div><\/div><\/div><\/section>","protected":false},"excerpt":{"rendered":"Facebook Twitter YouTube Instagram \u041a\u043e\u0440\u043f\u043e\u0440\u0430\u0442\u0438\u0432\u043d\u044b\u0439\u0413\u041b\u0410\u0412\u041d\u0410\u042f \u0421\u0422\u0420\u0410\u041d\u0418\u0426\u0410 \u041a\u041e\u0420\u041f\u041e\u0420\u0410\u0422\u0418\u0412\u041d\u042b\u0419 \u0422\u041e\u0412\u0410\u0420\u042b \u0421\u0412\u0415\u0416\u0418\u0415 \u041f\u0420\u041e\u0414\u0423\u041a\u0422\u042b \u0417\u0410\u041c\u041e\u0420\u041e\u0416\u0415\u041d\u041d\u042b\u0415 \u041f\u0420\u041e\u0414\u0423\u041a\u0422\u042b \u0410\u043d\u0447\u043e\u0443\u0441\u044b \u042d\u041a\u0421\u041f\u041e\u0420\u0422 \u041a\u041e\u041d\u0422\u0410\u041a\u0422\u042b \u042f\u0437\u044b\u043a:&nbsp; &nbsp;Turkish &nbsp;English &nbsp;\u0420\u0443\u0441\u0441\u043a\u0438\u0439 \u041c\u0435\u043d\u044e\u0413\u041b\u0410\u0412\u041d\u0410\u042f \u0421\u0422\u0420\u0410\u041d\u0418\u0426\u0410 \u041a\u041e\u0420\u041f\u041e\u0420\u0410\u0422\u0418\u0412\u041d\u042b\u0419 \u0422\u041e\u0412\u0410\u0420\u042b \u0421\u0412\u0415\u0416\u0418\u0415 \u041f\u0420\u041e\u0414\u0423\u041a\u0422\u042b \u0417\u0410\u041c\u041e\u0420\u041e\u0416\u0415\u041d\u041d\u042b\u0415 \u041f\u0420\u041e\u0414\u0423\u041a\u0422\u042b \u0410\u043d\u0447\u043e\u0443\u0441\u044b \u042d\u041a\u0421\u041f\u041e\u0420\u0422 \u041a\u041e\u041d\u0422\u0410\u041a\u0422\u042b \u042f\u0437\u044b\u043a:&nbsp; &nbsp;Turkish &nbsp;English &nbsp;\u0420\u0443\u0441\u0441\u043a\u0438\u0439 \u0421\u0432\u044f\u0437\u0430\u0442\u044c\u0441\u044f \u0441 \u043d\u0430\u043c\u0438 \u0130skenderpa\u015fa Mah. Dervi\u015fo\u011flu Sok. No:9\/101 Ortahisar \/ TRABZON+90 (532) 363 09 06+90 (532) 330 44 56imex@imexgida.com Copyright \u00a9...","protected":false},"author":1,"featured_media":0,"parent":0,"menu_order":0,"comment_status":"closed","ping_status":"closed","template":"","meta":[],"_links":{"self":[{"href":"https:\/\/www.imexgida.com\/ru\/wp-json\/wp\/v2\/pages\/3283"}],"collection":[{"href":"https:\/\/www.imexgida.com\/ru\/wp-json\/wp\/v2\/pages"}],"about":[{"href":"https:\/\/www.imexgida.com\/ru\/wp-json\/wp\/v2\/types\/page"}],"author":[{"embeddable":true,"href":"https:\/\/www.imexgida.com\/ru\/wp-json\/wp\/v2\/users\/1"}],"replies":[{"embeddable":true,"href":"https:\/\/www.imexgida.com\/ru\/wp-json\/wp\/v2\/comments?post=3283"}],"version-history":[{"count":11,"href":"https:\/\/www.imexgida.com\/ru\/wp-json\/wp\/v2\/pages\/3283\/revisions"}],"predecessor-version":[{"id":3785,"href":"https:\/\/www.imexgida.com\/ru\/wp-json\/wp\/v2\/pages\/3283\/revisions\/3785"}],"wp:attachment":[{"href":"https:\/\/www.imexgida.com\/ru\/wp-json\/wp\/v2\/media?parent=3283"}],"curies":[{"name":"wp","href":"https:\/\/api.w.org\/{rel}","templated":true}]}}