{"id":3610,"date":"2020-11-27T14:23:18","date_gmt":"2020-11-27T14:23:18","guid":{"rendered":"https:\/\/www.imexgida.com\/?page_id=3610"},"modified":"2020-11-27T14:23:18","modified_gmt":"2020-11-27T14:23:18","slug":"orkinos-besiciligi","status":"publish","type":"page","link":"https:\/\/www.imexgida.com\/en\/orkinos-besiciligi\/","title":{"rendered":"Hakk\u0131m\u0131zda"},"content":{"rendered":"<section class=\"l-section wpb_row height_medium\"><div class=\"l-section-h i-cf\"><div class=\"g-cols type_default valign_top\"><div class=\"vc_col-sm-12 wpb_column vc_column_container\"><div class=\"vc_column-inner\"><div class=\"wpb_wrapper\">\r\n\t<div class=\"wpb_text_column \">\r\n\t\t<div class=\"wpb_wrapper\">\r\n\t\t\t<h4><img class=\" wp-image-3322 alignright\" src=\"https:\/\/www.imexgida.com\/wp-content\/uploads\/2020\/11\/f1.png\" alt=\"\" width=\"483\" height=\"367\" srcset=\"https:\/\/www.imexgida.com\/wp-content\/uploads\/2020\/11\/f1.png 768w, https:\/\/www.imexgida.com\/wp-content\/uploads\/2020\/11\/f1-300x228.png 300w, https:\/\/www.imexgida.com\/wp-content\/uploads\/2020\/11\/f1-600x455.png 600w\" sizes=\"(max-width: 483px) 100vw, 483px\" \/><span style=\"color: #4a8bb0;\"><strong>HAKKIMIZDA<\/strong><\/span><\/h4>\n<p>\u015eirketimiz d\u0131\u015f ticaret stratejisi \u00e7er\u00e7evesinde toplulukta \u00fcretilen i\u015flenmi\u015f et, s\u00fct, do\u011fal kaynak suyu ve su \u00fcr\u00fcnlerinin yurtd\u0131\u015f\u0131 sat\u0131\u015flar\u0131n\u0131 s\u00fcrd\u00fcrmenin yan\u0131 s\u0131ra topluluk \u015firketlerinin temel hammadde ihtiya\u00e7lar\u0131 ile ilgili ithalatlar\u0131n\u0131 da ger\u00e7ekle\u015ftirmektedir.<\/p>\n<p><em><strong>Vizyonumuz<\/strong><\/em><\/p>\n<p>T\u00fcrkiye&#8217;nin en kaliteli ve en sa\u011fl\u0131kl\u0131 bal\u0131klar\u0131n\u0131 hijyenik \u015fartlarda \u00fcretmek. T\u00fcm yasal prosed\u00fcrlere uyarak \u015feffaf bir \u00fcretim yapmak ve t\u00fcketicileri bilgilendirmeyi ama\u00e7lamak. T\u00fcrkiye&#8217;de yeni bir sekt\u00f6r olan k\u00fclt\u00fcr bal\u0131k\u00e7\u0131l\u0131\u011f\u0131n\u0131n Karadeniz B\u00f6lgesi&#8217;nde geli\u015fimini sa\u011flayarak b\u00f6lgemizi sekt\u00f6rde cazibe merkezi haline getirip milli ekonomimize katk\u0131 sa\u011flayarak uluslararas\u0131 standartlarda \u00fcretim yapmay\u0131 hedefliyoruz. M\u00fc\u015fterilerimizin taleplerine en kaliteli ve en h\u0131zl\u0131 bir \u015fekilde cevap vermek ve beklentilerinin \u00fczerinde hizmet sunmak amac\u0131m\u0131zd\u0131r. Sekt\u00f6rdeki t\u00fcm geli\u015fmeleri takip ederek yenilikleri tatbik etmek ve \u00fclkemizdeki k\u00fclt\u00fcr bal\u0131k\u00e7\u0131l\u0131\u011f\u0131n\u0131n geli\u015fimine katk\u0131da bulunmak. Dinamizmimizi devaml\u0131 korumak, f\u0131rsatlar\u0131 \u00f6nceden g\u00f6rerek sekt\u00f6re yeni boyutlar kazand\u0131rmak. T\u00fcrkiye de ki di\u011fer irili ufakl\u0131 di\u011fer bal\u0131k \u00e7iftlikleri ile bir araya gelip sekt\u00f6r\u00fcn sorunlar\u0131n\u0131 \u00e7\u00f6zmeye odaklanmak ve birli\u011fi sa\u011flamak. Akademisyenler, su \u00fcr\u00fcnleri m\u00fchendisleri ve personelimizle birlikte Ar-GE \u00c7al\u0131\u015fmalar\u0131na \u00f6nc\u00fcl\u00fck etmek ve destek vermeyi ama\u00e7lar\u0131z.<\/p>\n<p><em><strong>Misyonumuz<\/strong><\/em><\/p>\n<p>Daima T\u00fcrkiye&#8217;nin en kaliteli bal\u0131klar\u0131n\u0131 ihrac ediyoruz. \u00dcretti\u011fimiz bal\u0131klarda markala\u015fmak ve uluslararas\u0131 standartlara ula\u015fmak . Sekt\u00f6rde T\u00fcrkiye ve uluslararas\u0131 arenada s\u00f6z sahibi olmak . M\u00fc\u015fterilerimizin taleplerine en uygun ve en h\u0131zl\u0131 \u015fekilde cevap vererek beklentilerinin \u00fczerinde hizmet sunmak. Teknolojideki geli\u015fmeleri yak\u0131ndan takip ederek kaliteyi ve verimlilil\u011fi s\u00fcrekli k\u0131lmak \u0130rili ufakl\u0131 k\u00fclt\u00fcr bal\u0131k\u00e7\u0131l\u0131\u011f\u0131 tesislerine profosyonel destek vererek \u00fclkemizde yeni bir sekt\u00f6r olan k\u00fclt\u00fcr bal\u0131k\u00e7\u0131l\u0131\u011f\u0131n\u0131n geli\u015fmesine katk\u0131da bulunmak.<\/p>\n\r\n\t\t<\/div>\r\n\t<\/div>\r\n<\/div><\/div><\/div><\/div><\/div><\/section>","protected":false},"excerpt":{"rendered":"Facebook Twitter YouTube Instagram KurumsalHOME PAGE CORPORATE PRODUCTS FRESH PRODUCTS FROZEN PRODUCTS Anchovy EXPORT CONTACT Language:&nbsp; &nbsp;Turkish &nbsp;English &nbsp;\u0420\u0443\u0441\u0441\u043a\u0438\u0439 MenuHOME PAGE CORPORATE PRODUCTS FRESH PRODUCTS FROZEN PRODUCTS Anchovy EXPORT CONTACT Language:&nbsp; &nbsp;Turkish &nbsp;English &nbsp;\u0420\u0443\u0441\u0441\u043a\u0438\u0439 Contact \u0130skenderpa\u015fa Mah. Dervi\u015fo\u011flu Sok. No:9\/101 Ortahisar \/ TRABZON+90 (532) 363 09 06+90 (532) 330 44 56imex@imexgida.com Copyright \u00a9 2020, \u0130mex...","protected":false},"author":1,"featured_media":0,"parent":0,"menu_order":0,"comment_status":"closed","ping_status":"closed","template":"","meta":[],"_links":{"self":[{"href":"https:\/\/www.imexgida.com\/en\/wp-json\/wp\/v2\/pages\/3610"}],"collection":[{"href":"https:\/\/www.imexgida.com\/en\/wp-json\/wp\/v2\/pages"}],"about":[{"href":"https:\/\/www.imexgida.com\/en\/wp-json\/wp\/v2\/types\/page"}],"author":[{"embeddable":true,"href":"https:\/\/www.imexgida.com\/en\/wp-json\/wp\/v2\/users\/1"}],"replies":[{"embeddable":true,"href":"https:\/\/www.imexgida.com\/en\/wp-json\/wp\/v2\/comments?post=3610"}],"version-history":[{"count":1,"href":"https:\/\/www.imexgida.com\/en\/wp-json\/wp\/v2\/pages\/3610\/revisions"}],"predecessor-version":[{"id":3613,"href":"https:\/\/www.imexgida.com\/en\/wp-json\/wp\/v2\/pages\/3610\/revisions\/3613"}],"wp:attachment":[{"href":"https:\/\/www.imexgida.com\/en\/wp-json\/wp\/v2\/media?parent=3610"}],"curies":[{"name":"wp","href":"https:\/\/api.w.org\/{rel}","templated":true}]}}