{"id":3607,"date":"2020-11-27T14:20:56","date_gmt":"2020-11-27T14:20:56","guid":{"rendered":"https:\/\/www.imexgida.com\/?page_id=3607"},"modified":"2020-12-07T16:04:47","modified_gmt":"2020-12-07T16:04:47","slug":"karadeniz-somonu-yetistiriciligi","status":"publish","type":"page","link":"https:\/\/www.imexgida.com\/en\/karadeniz-somonu-yetistiriciligi\/","title":{"rendered":"Black Sea Salmon Farming"},"content":{"rendered":"<section class=\"l-section wpb_row height_medium\"><div class=\"l-section-h i-cf\"><div class=\"g-cols type_default valign_top\"><div class=\"vc_col-sm-12 wpb_column vc_column_container\"><div class=\"vc_column-inner\"><div class=\"wpb_wrapper\">\r\n\t<div class=\"wpb_text_column \">\r\n\t\t<div class=\"wpb_wrapper\">\r\n\t\t\t<p><img class=\"size-full wp-image-3608 aligncenter\" src=\"https:\/\/www.imexgida.com\/wp-content\/uploads\/2020\/11\/somon-icon-1.png\" alt=\"\" width=\"468\" height=\"161\" srcset=\"https:\/\/www.imexgida.com\/wp-content\/uploads\/2020\/11\/somon-icon-1.png 468w, https:\/\/www.imexgida.com\/wp-content\/uploads\/2020\/11\/somon-icon-1-300x103.png 300w\" sizes=\"(max-width: 468px) 100vw, 468px\" \/><\/p>\n\r\n\t\t<\/div>\r\n\t<\/div>\r\n[vc_empty_space height=&#8221;20px&#8221;]\r\n\t<div class=\"wpb_text_column \">\r\n\t\t<div class=\"wpb_wrapper\">\r\n\t\t\t<p>The area of \u200b\u200bexpertise of our company within \u0130mex G\u0131da is Black Sea salmon farming. Although Black Sea salmon is not known enough in the world, it is a type of fish that has higher nutritional values \u200b\u200bthan its counterparts Norwegian and Chilean salmon and at least as high quality. Due to the increasing popularity and demand of pink meat fishes in the world, we, as \u0130mex G\u0131da, continue our export-oriented production in our Sinop facilities with an annual license capacity of 8,000 tons.<\/p>\n<p>At the same time, thanks to our processing factory located in Samsun Yakakent, 50 km from our sea production facilities, the produced Black Sea salmon are processed and frozen in the freshest and highest quality or supplied fresh depending on the customer demand and season. \u0130mex G\u0131da continues to work on salmon and further processed salmon products without slowing down.<\/p>\n\r\n\t\t<\/div>\r\n\t<\/div>\r\n<\/div><\/div><\/div><\/div><\/div><\/section>","protected":false},"excerpt":{"rendered":"Facebook Twitter YouTube Instagram KurumsalHOME PAGE CORPORATE PRODUCTS FRESH PRODUCTS FROZEN PRODUCTS Anchovy EXPORT CONTACT Language:&nbsp; &nbsp;Turkish &nbsp;English &nbsp;\u0420\u0443\u0441\u0441\u043a\u0438\u0439 MenuHOME PAGE CORPORATE PRODUCTS FRESH PRODUCTS FROZEN PRODUCTS Anchovy EXPORT CONTACT Language:&nbsp; &nbsp;Turkish &nbsp;English &nbsp;\u0420\u0443\u0441\u0441\u043a\u0438\u0439 Contact \u0130skenderpa\u015fa Mah. Dervi\u015fo\u011flu Sok. No:9\/101 Ortahisar \/ TRABZON+90 (532) 363 09 06+90 (532) 330 44 56imex@imexgida.com Copyright \u00a9 2020, \u0130mex...","protected":false},"author":1,"featured_media":0,"parent":0,"menu_order":0,"comment_status":"closed","ping_status":"closed","template":"","meta":[],"_links":{"self":[{"href":"https:\/\/www.imexgida.com\/en\/wp-json\/wp\/v2\/pages\/3607"}],"collection":[{"href":"https:\/\/www.imexgida.com\/en\/wp-json\/wp\/v2\/pages"}],"about":[{"href":"https:\/\/www.imexgida.com\/en\/wp-json\/wp\/v2\/types\/page"}],"author":[{"embeddable":true,"href":"https:\/\/www.imexgida.com\/en\/wp-json\/wp\/v2\/users\/1"}],"replies":[{"embeddable":true,"href":"https:\/\/www.imexgida.com\/en\/wp-json\/wp\/v2\/comments?post=3607"}],"version-history":[{"count":3,"href":"https:\/\/www.imexgida.com\/en\/wp-json\/wp\/v2\/pages\/3607\/revisions"}],"predecessor-version":[{"id":3711,"href":"https:\/\/www.imexgida.com\/en\/wp-json\/wp\/v2\/pages\/3607\/revisions\/3711"}],"wp:attachment":[{"href":"https:\/\/www.imexgida.com\/en\/wp-json\/wp\/v2\/media?parent=3607"}],"curies":[{"name":"wp","href":"https:\/\/api.w.org\/{rel}","templated":true}]}}