{"id":3594,"date":"2020-11-27T14:04:43","date_gmt":"2020-11-27T14:04:43","guid":{"rendered":"https:\/\/www.imexgida.com\/?page_id=3594"},"modified":"2021-06-15T12:26:05","modified_gmt":"2021-06-15T12:26:05","slug":"cipura-levrek-yetistiriciligi","status":"publish","type":"page","link":"https:\/\/www.imexgida.com\/en\/cipura-levrek-yetistiriciligi\/","title":{"rendered":"Sea Bream &#8211; Sea Bass Breeding"},"content":{"rendered":"<section class=\"l-section wpb_row height_medium\"><div class=\"l-section-h i-cf\"><div class=\"g-cols type_default valign_top\"><div class=\"vc_col-sm-12 wpb_column vc_column_container\"><div class=\"vc_column-inner\"><div class=\"wpb_wrapper\"><div class=\"w-slider\"><div class=\"us-frame\"><div class=\"royalSlider\"><div class=\"rsContent\"><a class=\"rsImg\" data-rsw=\"1024\" data-rsh=\"576\" href=\"https:\/\/www.imexgida.com\/wp-content\/uploads\/2020\/11\/52-1024x576-1.jpg\"><\/a><\/div><div class=\"rsContent\"><a class=\"rsImg\" data-rsw=\"1024\" data-rsh=\"576\" href=\"https:\/\/www.imexgida.com\/wp-content\/uploads\/2020\/11\/50-1024x576-1.jpg\"><\/a><\/div><div class=\"rsContent\"><a class=\"rsImg\" data-rsw=\"1024\" data-rsh=\"576\" href=\"https:\/\/www.imexgida.com\/wp-content\/uploads\/2020\/11\/51-1024x576-1.jpg\"><\/a><\/div><\/div><img src=\"https:\/\/www.imexgida.com\/wp-content\/uploads\/2020\/11\/52-1024x576-1.jpg\" alt=\"\"><\/div><div class=\"w-slider-json\" onclick='return {&quot;transitionSpeed&quot;:300,&quot;loopRewind&quot;:true,&quot;slidesSpacing&quot;:0,&quot;imageScalePadding&quot;:0,&quot;numImagesToPreload&quot;:2,&quot;arrowsNav&quot;:true,&quot;arrowsNavAutoHide&quot;:false,&quot;transitionType&quot;:&quot;move&quot;,&quot;block&quot;:{&quot;moveEffect&quot;:&quot;none&quot;,&quot;speed&quot;:300},&quot;controlNavigation&quot;:&quot;none&quot;,&quot;autoplay&quot;:{&quot;enabled&quot;:true,&quot;pauseOnHover&quot;:true,&quot;delay&quot;:3000},&quot;imageScaleMode&quot;:&quot;fit-if-smaller&quot;,&quot;autoScaleSlider&quot;:true,&quot;autoScaleSliderWidth&quot;:1024,&quot;autoScaleSliderHeight&quot;:576,&quot;fitInViewport&quot;:false}'><\/div><\/div>[vc_empty_space height=&#8221;20px&#8221;]\r\n\t<div class=\"wpb_text_column \">\r\n\t\t<div class=\"wpb_wrapper\">\r\n\t\t\t<p>One of every three fish consumed in Europe today is a product of Turkish farming. As \u0130mex G\u0131da Family, we produce sea bream and sea bass in high capacity for 12 months with our sea bass farming facilities in Antalya and \u0130zmir and bring them together with our customers all over the world.<\/p>\n<p>In our farms, our fish are monitored 24\/7 with the latest technology feeding and automation systems. In addition, depending on the principles of sustainability and respect for nature, fish, water and environmental analyzes are continuously carried out in our farms. In particular, depending on the principle of respect for the environment, \u0130mex G\u0131da Family carries out all farm operations with great care in order to keep the seas, which are the source of livelihood, clean.<\/p>\n<p>Our Antalya and Izmir farms also have Global GAP certification and their production processes are followed at world standards.<\/p>\n\r\n\t\t<\/div>\r\n\t<\/div>\r\n<\/div><\/div><\/div><\/div><\/div><\/section>","protected":false},"excerpt":{"rendered":"Facebook Twitter YouTube Instagram KurumsalHOME PAGE CORPORATE PRODUCTS FRESH PRODUCTS FROZEN PRODUCTS Anchovy EXPORT CONTACT Language:&nbsp; &nbsp;Turkish &nbsp;English &nbsp;\u0420\u0443\u0441\u0441\u043a\u0438\u0439 MenuHOME PAGE CORPORATE PRODUCTS FRESH PRODUCTS FROZEN PRODUCTS Anchovy EXPORT CONTACT Language:&nbsp; &nbsp;Turkish &nbsp;English &nbsp;\u0420\u0443\u0441\u0441\u043a\u0438\u0439 Contact \u0130skenderpa\u015fa Mah. Dervi\u015fo\u011flu Sok. No:9\/101 Ortahisar \/ TRABZON+90 (532) 363 09 06+90 (532) 330 44 56imex@imexgida.com Copyright \u00a9 2020, \u0130mex...","protected":false},"author":1,"featured_media":0,"parent":0,"menu_order":0,"comment_status":"closed","ping_status":"closed","template":"","meta":[],"_links":{"self":[{"href":"https:\/\/www.imexgida.com\/en\/wp-json\/wp\/v2\/pages\/3594"}],"collection":[{"href":"https:\/\/www.imexgida.com\/en\/wp-json\/wp\/v2\/pages"}],"about":[{"href":"https:\/\/www.imexgida.com\/en\/wp-json\/wp\/v2\/types\/page"}],"author":[{"embeddable":true,"href":"https:\/\/www.imexgida.com\/en\/wp-json\/wp\/v2\/users\/1"}],"replies":[{"embeddable":true,"href":"https:\/\/www.imexgida.com\/en\/wp-json\/wp\/v2\/comments?post=3594"}],"version-history":[{"count":8,"href":"https:\/\/www.imexgida.com\/en\/wp-json\/wp\/v2\/pages\/3594\/revisions"}],"predecessor-version":[{"id":3764,"href":"https:\/\/www.imexgida.com\/en\/wp-json\/wp\/v2\/pages\/3594\/revisions\/3764"}],"wp:attachment":[{"href":"https:\/\/www.imexgida.com\/en\/wp-json\/wp\/v2\/media?parent=3594"}],"curies":[{"name":"wp","href":"https:\/\/api.w.org\/{rel}","templated":true}]}}