{"id":3372,"date":"2020-11-24T12:02:46","date_gmt":"2020-11-24T12:02:46","guid":{"rendered":"https:\/\/www.imexgida.com\/?page_id=3372"},"modified":"2021-07-29T09:31:21","modified_gmt":"2021-07-29T09:31:21","slug":"alabalik","status":"publish","type":"page","link":"https:\/\/www.imexgida.com\/en\/alabalik\/","title":{"rendered":"Trout"},"content":{"rendered":"<section class=\"l-section wpb_row height_medium\"><div class=\"l-section-h i-cf\"><div class=\"g-cols type_default valign_top\"><div class=\"vc_col-sm-12 wpb_column vc_column_container\"><div class=\"vc_column-inner\"><div class=\"wpb_wrapper\"><div class=\"w-image align_center\"><div class=\"us-frame\"><img width=\"438\" height=\"119\" src=\"https:\/\/www.imexgida.com\/wp-content\/uploads\/2020\/11\/balik_alabalik-1.png\" class=\"attachment-full size-full\" alt=\"\" srcset=\"https:\/\/www.imexgida.com\/wp-content\/uploads\/2020\/11\/balik_alabalik-1.png 438w, https:\/\/www.imexgida.com\/wp-content\/uploads\/2020\/11\/balik_alabalik-1-300x82.png 300w\" sizes=\"(max-width: 438px) 100vw, 438px\" \/><\/div><\/div>\r\n\t<div class=\"wpb_text_column \">\r\n\t\t<div class=\"wpb_wrapper\">\r\n\t\t\t<div class=\"ld-fancy-heading text-center ld_fancy_heading_5fb4e143aee63\">\n<div class=\"ld-fancy-heading text-center ld_fancy_heading_5fb4e143cff42\">\n<div class=\"ld-fancy-heading text-center ld_fancy_heading_5fb4e14410e6c\">\n<div class=\"ld-fancy-heading text-center ld_fancy_heading_5fbbaf4d9ca49\">\n<h4 class=\"lqd-highlight-underline lqd-highlight-grow-left\" style=\"text-align: center;\"><span class=\"ld-fh-txt\">Rainbow Trout (Oncorhynchus Mykiss)<\/span><\/h4>\n<\/div>\n<header class=\"fancy-title text-center ld_section_title_5fbbaf4d9cfb8\">\n<p style=\"text-align: center;\">Trout is a good source of Omega-3 fatty acids and is a fish with a very low saturated fat ratio and calories.<\/p>\n<\/header>\n<\/div>\n<\/div>\n<\/div>\n\r\n\t\t<\/div>\r\n\t<\/div>\r\n<div class=\"ult_pricing_table_wrap ult_info_table ult_design_4  ult-cs-red  \">\r\n\t\t\t\t\t<div class=\"ult_pricing_table \" style=\" \"><div id=\"Info-table-wrap-9222\" class=\"ult_pricing_heading\">\r\n\t\t\t\t\t\t\t<h3 class=\"ult-responsive\"  data-ultimate-target='#Info-table-wrap-9222 h3'  data-responsive-json-new='{\"font-size\":\"\",\"line-height\":\"\"}'  style=\"font-weight:bold;\">Frozen Whole Trout<\/h3><\/div><!--ult_pricing_heading--><div id=\"info_table_features_wrap-1480\"  data-ultimate-target='#info_table_features_wrap-1480.ult_price_features'  data-responsive-json-new='{\"font-size\":\"\",\"line-height\":\"\"}'  class=\"ult-responsive ult_price_features\" style=\"font-weight:normal;\">\r\n\t\t\t\t\t\t\t<p style=\"text-align: center;\"><strong>Caliber<\/strong><\/p>\n<hr \/>\n<p style=\"text-align: center;\">300-500gr, \/ 500-900gr.<\/p>\n<hr \/>\n<p style=\"text-align: center;\"><strong>Glaze<\/strong><\/p>\n<hr \/>\n<p style=\"text-align: center;\">%5<\/p>\n<hr \/>\n<p style=\"text-align: center;\"><strong>Packaging<\/strong><\/p>\n<hr \/>\n<p style=\"text-align: center;\">750 g, 1000 g in printed bags<\/p>\n<hr \/>\n<p style=\"text-align: center;\">In boxes of 10 kg, 15 kg, 25 kg<\/p>\n\r\n\t\t\t\t\t\t<\/div><!--ult_price_features--><div class=\"ult_clr\"><\/div>\r\n\t\t\t<\/div><!--pricing_table-->\r\n\t\t<\/div><!--pricing_table_wrap--><div class=\"w-image align_center\"><div class=\"us-frame\"><img width=\"1600\" height=\"747\" src=\"https:\/\/www.imexgida.com\/wp-content\/uploads\/2020\/11\/K44.jpg\" class=\"attachment-full size-full\" alt=\"\" srcset=\"https:\/\/www.imexgida.com\/wp-content\/uploads\/2020\/11\/K44.jpg 1600w, https:\/\/www.imexgida.com\/wp-content\/uploads\/2020\/11\/K44-300x140.jpg 300w, https:\/\/www.imexgida.com\/wp-content\/uploads\/2020\/11\/K44-1024x478.jpg 1024w, https:\/\/www.imexgida.com\/wp-content\/uploads\/2020\/11\/K44-768x359.jpg 768w, https:\/\/www.imexgida.com\/wp-content\/uploads\/2020\/11\/K44-1536x717.jpg 1536w, https:\/\/www.imexgida.com\/wp-content\/uploads\/2020\/11\/K44-600x280.jpg 600w\" sizes=\"(max-width: 1600px) 100vw, 1600px\" \/><\/div><\/div><div class=\"ult_pricing_table_wrap ult_info_table ult_design_4  ult-cs-red  \">\r\n\t\t\t\t\t<div class=\"ult_pricing_table \" style=\" \"><div id=\"Info-table-wrap-8711\" class=\"ult_pricing_heading\">\r\n\t\t\t\t\t\t\t<h3 class=\"ult-responsive\"  data-ultimate-target='#Info-table-wrap-8711 h3'  data-responsive-json-new='{\"font-size\":\"\",\"line-height\":\"\"}'  style=\"font-weight:bold;\">Trout Cleaned On Its Frozen Head<\/h3><\/div><!--ult_pricing_heading--><div id=\"info_table_features_wrap-6535\"  data-ultimate-target='#info_table_features_wrap-6535.ult_price_features'  data-responsive-json-new='{\"font-size\":\"\",\"line-height\":\"\"}'  class=\"ult-responsive ult_price_features\" style=\"font-weight:normal;\">\r\n\t\t\t\t\t\t\t<p style=\"text-align: center;\"><strong>Caliber<\/strong><\/p>\n<hr \/>\n<p style=\"text-align: center;\">250-300gr, \/ 300-350gr.<\/p>\n<hr \/>\n<p style=\"text-align: center;\"><strong>Glaze<\/strong><\/p>\n<hr \/>\n<p style=\"text-align: center;\">%5<\/p>\n<hr \/>\n<p style=\"text-align: center;\"><strong>Packaging<\/strong><\/p>\n<hr \/>\n<p style=\"text-align: center;\">750 g, 1000 g in printed bags<\/p>\n<hr \/>\n<p style=\"text-align: center;\">In boxes of 10 kg, 15 kg, 25 kg<\/p>\n\r\n\t\t\t\t\t\t<\/div><!--ult_price_features--><div class=\"ult_clr\"><\/div>\r\n\t\t\t<\/div><!--pricing_table-->\r\n\t\t<\/div><!--pricing_table_wrap--><div class=\"w-image align_center\"><div class=\"us-frame\"><img width=\"850\" height=\"450\" src=\"https:\/\/www.imexgida.com\/wp-content\/uploads\/2020\/11\/full-balik-1.jpg\" class=\"attachment-full size-full\" alt=\"\" srcset=\"https:\/\/www.imexgida.com\/wp-content\/uploads\/2020\/11\/full-balik-1.jpg 850w, https:\/\/www.imexgida.com\/wp-content\/uploads\/2020\/11\/full-balik-1-300x159.jpg 300w, https:\/\/www.imexgida.com\/wp-content\/uploads\/2020\/11\/full-balik-1-768x407.jpg 768w, https:\/\/www.imexgida.com\/wp-content\/uploads\/2020\/11\/full-balik-1-600x318.jpg 600w\" sizes=\"(max-width: 850px) 100vw, 850px\" \/><\/div><\/div><div class=\"ult_pricing_table_wrap ult_info_table ult_design_4  ult-cs-red  \">\r\n\t\t\t\t\t<div class=\"ult_pricing_table \" style=\" \"><div id=\"Info-table-wrap-9875\" class=\"ult_pricing_heading\">\r\n\t\t\t\t\t\t\t<h3 class=\"ult-responsive\"  data-ultimate-target='#Info-table-wrap-9875 h3'  data-responsive-json-new='{\"font-size\":\"\",\"line-height\":\"\"}'  style=\"font-weight:bold;\">Frozen Cleaned Trout<\/h3><\/div><!--ult_pricing_heading--><div id=\"info_table_features_wrap-6238\"  data-ultimate-target='#info_table_features_wrap-6238.ult_price_features'  data-responsive-json-new='{\"font-size\":\"\",\"line-height\":\"\"}'  class=\"ult-responsive ult_price_features\" style=\"font-weight:normal;\">\r\n\t\t\t\t\t\t\t<p style=\"text-align: center;\"><strong>Caliber<\/strong><\/p>\n<hr \/>\n<p style=\"text-align: center;\">200-250 gr, \/ 250-300 gr.<\/p>\n<hr \/>\n<p style=\"text-align: center;\"><strong>Glaze<\/strong><\/p>\n<hr \/>\n<p style=\"text-align: center;\">%3<\/p>\n<hr \/>\n<p style=\"text-align: center;\"><strong>Packaging<\/strong><\/p>\n<hr \/>\n<p style=\"text-align: center;\">750 g, 1000 g in printed bags<\/p>\n<hr \/>\n<p style=\"text-align: center;\">In boxes of 5 kg, 10 kg, 20 kg<\/p>\n\r\n\t\t\t\t\t\t<\/div><!--ult_price_features--><div class=\"ult_clr\"><\/div>\r\n\t\t\t<\/div><!--pricing_table-->\r\n\t\t<\/div><!--pricing_table_wrap--><div class=\"g-cols wpb_row type_default valign_top vc_inner \"><div class=\"vc_col-sm-6 wpb_column vc_column_container\"><div class=\"vc_column-inner\"><div class=\"wpb_wrapper\"><div class=\"ult_pricing_table_wrap ult_info_table ult_design_4  ult-cs-blue  \">\r\n\t\t\t\t\t<div class=\"ult_pricing_table \" style=\" \"><div id=\"Info-table-wrap-5205\" class=\"ult_pricing_heading\">\r\n\t\t\t\t\t\t\t<h3 class=\"ult-responsive\"  data-ultimate-target='#Info-table-wrap-5205 h3'  data-responsive-json-new='{\"font-size\":\"\",\"line-height\":\"\"}'  style=\"font-weight:bold;color:#2867b6;\">Nutritive value<\/h3><\/div><!--ult_pricing_heading--><div id=\"info_table_features_wrap-3166\"  data-ultimate-target='#info_table_features_wrap-3166.ult_price_features'  data-responsive-json-new='{\"font-size\":\"\",\"line-height\":\"\"}'  class=\"ult-responsive ult_price_features\" style=\"font-weight:normal;\">\r\n\t\t\t\t\t\t\t<p style=\"text-align: center;\"><strong>Energy<\/strong><\/p>\n<hr \/>\n<p style=\"text-align: center;\"><strong>Protein<\/strong><\/p>\n<hr \/>\n<p style=\"text-align: center;\"><strong>Oil<\/strong><\/p>\n\r\n\t\t\t\t\t\t<\/div><!--ult_price_features--><div class=\"ult_clr\"><\/div>\r\n\t\t\t<\/div><!--pricing_table-->\r\n\t\t<\/div><!--pricing_table_wrap--><\/div><\/div><\/div><div class=\"vc_col-sm-6 wpb_column vc_column_container\"><div class=\"vc_column-inner\"><div class=\"wpb_wrapper\"><div class=\"ult_pricing_table_wrap ult_info_table ult_design_4  ult-cs-green  \">\r\n\t\t\t\t\t<div class=\"ult_pricing_table \" style=\" \"><div id=\"Info-table-wrap-6033\" class=\"ult_pricing_heading\">\r\n\t\t\t\t\t\t\t<h3 class=\"ult-responsive\"  data-ultimate-target='#Info-table-wrap-6033 h3'  data-responsive-json-new='{\"font-size\":\"\",\"line-height\":\"\"}'  style=\"font-weight:bold;color:#17924b;\">For 100 g<\/h3><\/div><!--ult_pricing_heading--><div id=\"info_table_features_wrap-8337\"  data-ultimate-target='#info_table_features_wrap-8337.ult_price_features'  data-responsive-json-new='{\"font-size\":\"\",\"line-height\":\"\"}'  class=\"ult-responsive ult_price_features\" style=\"font-weight:normal;\">\r\n\t\t\t\t\t\t\t<p style=\"text-align: center;\">115 <strong>KCal<\/strong><\/p>\n<hr \/>\n<p style=\"text-align: center;\">21 <strong>gr<\/strong><\/p>\n<hr \/>\n<p style=\"text-align: center;\">4,5 <strong>gr<\/strong><\/p>\n\r\n\t\t\t\t\t\t<\/div><!--ult_price_features--><div class=\"ult_clr\"><\/div>\r\n\t\t\t<\/div><!--pricing_table-->\r\n\t\t<\/div><!--pricing_table_wrap--><\/div><\/div><\/div><\/div><div class=\"ult_pricing_table_wrap ult_info_table ult_design_4  ult-cs-yellow  \">\r\n\t\t\t\t\t<div class=\"ult_pricing_table \" style=\" \"><div id=\"Info-table-wrap-1487\" class=\"ult_pricing_heading\">\r\n\t\t\t\t\t\t\t<h3 class=\"ult-responsive\"  data-ultimate-target='#Info-table-wrap-1487 h3'  data-responsive-json-new='{\"font-size\":\"\",\"line-height\":\"\"}'  style=\"font-weight:bold;color:#f1a90f;\">Shelf life<\/h3><\/div><!--ult_pricing_heading--><div id=\"info_table_features_wrap-5445\"  data-ultimate-target='#info_table_features_wrap-5445.ult_price_features'  data-responsive-json-new='{\"font-size\":\"\",\"line-height\":\"\"}'  class=\"ult-responsive ult_price_features\" style=\"font-weight:normal;\">\r\n\t\t\t\t\t\t\t<p style=\"text-align: center;\">Fresh Product: 14 days<\/p>\n<hr \/>\n<p style=\"text-align: center;\">Frozen product: 18 months<\/p>\n\r\n\t\t\t\t\t\t<\/div><!--ult_price_features--><div class=\"ult_clr\"><\/div>\r\n\t\t\t<\/div><!--pricing_table-->\r\n\t\t<\/div><!--pricing_table_wrap--><\/div><\/div><\/div><\/div><\/div><\/section>","protected":false},"excerpt":{"rendered":"Facebook Twitter YouTube Instagram KurumsalHOME PAGE CORPORATE PRODUCTS FRESH PRODUCTS FROZEN PRODUCTS Anchovy EXPORT CONTACT Language:&nbsp; &nbsp;Turkish &nbsp;English &nbsp;\u0420\u0443\u0441\u0441\u043a\u0438\u0439 MenuHOME PAGE CORPORATE PRODUCTS FRESH PRODUCTS FROZEN PRODUCTS Anchovy EXPORT CONTACT Language:&nbsp; &nbsp;Turkish &nbsp;English &nbsp;\u0420\u0443\u0441\u0441\u043a\u0438\u0439 Contact \u0130skenderpa\u015fa Mah. Dervi\u015fo\u011flu Sok. No:9\/101 Ortahisar \/ TRABZON+90 (532) 363 09 06+90 (532) 330 44 56imex@imexgida.com Copyright \u00a9 2020, \u0130mex...","protected":false},"author":1,"featured_media":0,"parent":0,"menu_order":0,"comment_status":"open","ping_status":"closed","template":"","meta":[],"_links":{"self":[{"href":"https:\/\/www.imexgida.com\/en\/wp-json\/wp\/v2\/pages\/3372"}],"collection":[{"href":"https:\/\/www.imexgida.com\/en\/wp-json\/wp\/v2\/pages"}],"about":[{"href":"https:\/\/www.imexgida.com\/en\/wp-json\/wp\/v2\/types\/page"}],"author":[{"embeddable":true,"href":"https:\/\/www.imexgida.com\/en\/wp-json\/wp\/v2\/users\/1"}],"replies":[{"embeddable":true,"href":"https:\/\/www.imexgida.com\/en\/wp-json\/wp\/v2\/comments?post=3372"}],"version-history":[{"count":14,"href":"https:\/\/www.imexgida.com\/en\/wp-json\/wp\/v2\/pages\/3372\/revisions"}],"predecessor-version":[{"id":3839,"href":"https:\/\/www.imexgida.com\/en\/wp-json\/wp\/v2\/pages\/3372\/revisions\/3839"}],"wp:attachment":[{"href":"https:\/\/www.imexgida.com\/en\/wp-json\/wp\/v2\/media?parent=3372"}],"curies":[{"name":"wp","href":"https:\/\/api.w.org\/{rel}","templated":true}]}}