{"id":3370,"date":"2020-11-24T11:45:09","date_gmt":"2020-11-24T11:45:09","guid":{"rendered":"https:\/\/www.imexgida.com\/?page_id=3370"},"modified":"2021-06-17T15:16:21","modified_gmt":"2021-06-17T15:16:21","slug":"cipura","status":"publish","type":"page","link":"https:\/\/www.imexgida.com\/en\/cipura\/","title":{"rendered":"Sea bream"},"content":{"rendered":"<section class=\"l-section wpb_row height_medium\"><div class=\"l-section-h i-cf\"><div class=\"g-cols type_default valign_top\"><div class=\"vc_col-sm-12 wpb_column vc_column_container\"><div class=\"vc_column-inner\"><div class=\"wpb_wrapper\"><div class=\"w-image align_center\"><div class=\"us-frame\"><img width=\"420\" height=\"144\" src=\"https:\/\/www.imexgida.com\/wp-content\/uploads\/2020\/11\/balik_cipura.png\" class=\"attachment-full size-full\" alt=\"\" srcset=\"https:\/\/www.imexgida.com\/wp-content\/uploads\/2020\/11\/balik_cipura.png 420w, https:\/\/www.imexgida.com\/wp-content\/uploads\/2020\/11\/balik_cipura-300x103.png 300w\" sizes=\"(max-width: 420px) 100vw, 420px\" \/><\/div><\/div>\r\n\t<div class=\"wpb_text_column \">\r\n\t\t<div class=\"wpb_wrapper\">\r\n\t\t\t<div class=\"ld-fancy-heading text-center ld_fancy_heading_5fb4e143aee63\">\n<div class=\"ld-fancy-heading text-center ld_fancy_heading_5fb4e143cff42\">\n<div class=\"ld-fancy-heading text-center ld_fancy_heading_5fb4e14410e6c\">\n<h4 class=\"lqd-highlight-underline lqd-highlight-grow-left\" style=\"text-align: center;\"><span class=\"ld-fh-txt\">Sea Bream (Sparus Aurata)<\/span><\/h4>\n<\/div>\n<header class=\"fancy-title text-center ld_section_title_5fb4e1441130d\">\n<p style=\"text-align: center;\">Sea bream is rich in Omega-3 fatty acids as well as being a protein and energy store.<\/p>\n<\/header>\n<\/div>\n<\/div>\n\r\n\t\t<\/div>\r\n\t<\/div>\r\n<div class=\"ult_pricing_table_wrap ult_info_table ult_design_4  ult-cs-red  \">\r\n\t\t\t\t\t<div class=\"ult_pricing_table \" style=\" \"><div id=\"Info-table-wrap-3517\" class=\"ult_pricing_heading\">\r\n\t\t\t\t\t\t\t<h3 class=\"ult-responsive\"  data-ultimate-target='#Info-table-wrap-3517 h3'  data-responsive-json-new='{\"font-size\":\"\",\"line-height\":\"\"}'  style=\"font-weight:bold;\">Frozen Whole Sea Bream<\/h3><\/div><!--ult_pricing_heading--><div id=\"info_table_features_wrap-9930\"  data-ultimate-target='#info_table_features_wrap-9930.ult_price_features'  data-responsive-json-new='{\"font-size\":\"\",\"line-height\":\"\"}'  class=\"ult-responsive ult_price_features\" style=\"font-weight:normal;\">\r\n\t\t\t\t\t\t\t<p style=\"text-align: center;\"><strong>Caliber<\/strong><\/p>\n<hr \/>\n<p style=\"text-align: center;\">200-400 g, 400-600 g, 600-800 g, 800-1000 g, 1000-1500 g \/ piece<\/p>\n<hr \/>\n<p style=\"text-align: center;\"><strong>Glaze<\/strong><\/p>\n<hr \/>\n<p style=\"text-align: center;\">%3<\/p>\n<hr \/>\n<p style=\"text-align: center;\"><strong>Packaging<\/strong><\/p>\n<hr \/>\n<p style=\"text-align: center;\">750 g, 1000 g in printed bags<\/p>\n<hr \/>\n<p style=\"text-align: center;\">In 10 kg, 15 kg boxes<\/p>\n\r\n\t\t\t\t\t\t<\/div><!--ult_price_features--><div class=\"ult_clr\"><\/div>\r\n\t\t\t<\/div><!--pricing_table-->\r\n\t\t<\/div><!--pricing_table_wrap--><div class=\"ult_pricing_table_wrap ult_info_table ult_design_4  ult-cs-red  \">\r\n\t\t\t\t\t<div class=\"ult_pricing_table \" style=\" \"><div id=\"Info-table-wrap-5052\" class=\"ult_pricing_heading\">\r\n\t\t\t\t\t\t\t<h3 class=\"ult-responsive\"  data-ultimate-target='#Info-table-wrap-5052 h3'  data-responsive-json-new='{\"font-size\":\"\",\"line-height\":\"\"}'  style=\"font-weight:bold;\">Frozen Cleaned Sea Bream<\/h3><\/div><!--ult_pricing_heading--><div id=\"info_table_features_wrap-5690\"  data-ultimate-target='#info_table_features_wrap-5690.ult_price_features'  data-responsive-json-new='{\"font-size\":\"\",\"line-height\":\"\"}'  class=\"ult-responsive ult_price_features\" style=\"font-weight:normal;\">\r\n\t\t\t\t\t\t\t<p style=\"text-align: center;\"><strong>Caliber<\/strong><\/p>\n<hr \/>\n<p style=\"text-align: center;\">200-400 g, 400-600 g, 600-800 g, 800-1000 g, 1000-1500 g \/ piece<\/p>\n<hr \/>\n<p style=\"text-align: center;\"><strong>Glaze<\/strong><\/p>\n<hr \/>\n<p style=\"text-align: center;\">%3<\/p>\n<hr \/>\n<p style=\"text-align: center;\"><strong>Packaging<\/strong><\/p>\n<hr \/>\n<p style=\"text-align: center;\">750 g, 1000 g in printed bags<\/p>\n<hr \/>\n<p style=\"text-align: center;\">In 10 kg, 15 kg boxes<\/p>\n\r\n\t\t\t\t\t\t<\/div><!--ult_price_features--><div class=\"ult_clr\"><\/div>\r\n\t\t\t<\/div><!--pricing_table-->\r\n\t\t<\/div><!--pricing_table_wrap--><div class=\"ult_pricing_table_wrap ult_info_table ult_design_4  ult-cs-red  \">\r\n\t\t\t\t\t<div class=\"ult_pricing_table \" style=\" \"><div id=\"Info-table-wrap-9575\" class=\"ult_pricing_heading\">\r\n\t\t\t\t\t\t\t<h3 class=\"ult-responsive\"  data-ultimate-target='#Info-table-wrap-9575 h3'  data-responsive-json-new='{\"font-size\":\"\",\"line-height\":\"\"}'  style=\"font-weight:bold;\">Frozen Sea Bream Fillet (Skinless)<\/h3><\/div><!--ult_pricing_heading--><div id=\"info_table_features_wrap-9693\"  data-ultimate-target='#info_table_features_wrap-9693.ult_price_features'  data-responsive-json-new='{\"font-size\":\"\",\"line-height\":\"\"}'  class=\"ult-responsive ult_price_features\" style=\"font-weight:normal;\">\r\n\t\t\t\t\t\t\t<p style=\"text-align: center;\"><strong>Caliber<\/strong><\/p>\n<hr \/>\n<p style=\"text-align: center;\">100-200 g, 200-300 g, 300-400 g, 400-600 g \/ piece<\/p>\n<hr \/>\n<p style=\"text-align: center;\"><strong>Glaze<\/strong><\/p>\n<hr \/>\n<p style=\"text-align: center;\">%3<\/p>\n<hr \/>\n<p style=\"text-align: center;\"><strong>Packaging<\/strong><\/p>\n<hr \/>\n<p style=\"text-align: center;\">In 500 g, 750 g, 1000 g printed bags<\/p>\n<hr \/>\n<p style=\"text-align: center;\">In boxes of 10 kg, 15 kg<\/p>\n\r\n\t\t\t\t\t\t<\/div><!--ult_price_features--><div class=\"ult_clr\"><\/div>\r\n\t\t\t<\/div><!--pricing_table-->\r\n\t\t<\/div><!--pricing_table_wrap--><div class=\"g-cols wpb_row type_default valign_top vc_inner \"><div class=\"vc_col-sm-6 wpb_column vc_column_container\"><div class=\"vc_column-inner\"><div class=\"wpb_wrapper\"><div class=\"ult_pricing_table_wrap ult_info_table ult_design_4  ult-cs-blue  \">\r\n\t\t\t\t\t<div class=\"ult_pricing_table \" style=\" \"><div id=\"Info-table-wrap-8819\" class=\"ult_pricing_heading\">\r\n\t\t\t\t\t\t\t<h3 class=\"ult-responsive\"  data-ultimate-target='#Info-table-wrap-8819 h3'  data-responsive-json-new='{\"font-size\":\"\",\"line-height\":\"\"}'  style=\"font-weight:bold;color:#2867b6;\">Nutritive value<\/h3><\/div><!--ult_pricing_heading--><div id=\"info_table_features_wrap-1606\"  data-ultimate-target='#info_table_features_wrap-1606.ult_price_features'  data-responsive-json-new='{\"font-size\":\"\",\"line-height\":\"\"}'  class=\"ult-responsive ult_price_features\" style=\"font-weight:normal;\">\r\n\t\t\t\t\t\t\t<p style=\"text-align: center;\"><strong>Energy<\/strong><\/p>\n<hr \/>\n<p style=\"text-align: center;\"><strong>Carbohydrate<\/strong><\/p>\n<hr \/>\n<p style=\"text-align: center;\"><strong>Protein<\/strong><\/p>\n<hr \/>\n<p style=\"text-align: center;\"><strong>Oil<\/strong><\/p>\n\r\n\t\t\t\t\t\t<\/div><!--ult_price_features--><div class=\"ult_clr\"><\/div>\r\n\t\t\t<\/div><!--pricing_table-->\r\n\t\t<\/div><!--pricing_table_wrap--><\/div><\/div><\/div><div class=\"vc_col-sm-6 wpb_column vc_column_container\"><div class=\"vc_column-inner\"><div class=\"wpb_wrapper\"><div class=\"ult_pricing_table_wrap ult_info_table ult_design_4  ult-cs-green  \">\r\n\t\t\t\t\t<div class=\"ult_pricing_table \" style=\" \"><div id=\"Info-table-wrap-9247\" class=\"ult_pricing_heading\">\r\n\t\t\t\t\t\t\t<h3 class=\"ult-responsive\"  data-ultimate-target='#Info-table-wrap-9247 h3'  data-responsive-json-new='{\"font-size\":\"\",\"line-height\":\"\"}'  style=\"font-weight:bold;color:#17924b;\">For 100 g<\/h3><\/div><!--ult_pricing_heading--><div id=\"info_table_features_wrap-1869\"  data-ultimate-target='#info_table_features_wrap-1869.ult_price_features'  data-responsive-json-new='{\"font-size\":\"\",\"line-height\":\"\"}'  class=\"ult-responsive ult_price_features\" style=\"font-weight:normal;\">\r\n\t\t\t\t\t\t\t<p style=\"text-align: center;\">128,17 <strong>KCal<\/strong><\/p>\n<hr \/>\n<p style=\"text-align: center;\">0,73 <strong>gr<\/strong><\/p>\n<hr \/>\n<p style=\"text-align: center;\">23,42 <strong>gr<\/strong><\/p>\n<hr \/>\n<p style=\"text-align: center;\">6,98 <strong>gr<\/strong><\/p>\n\r\n\t\t\t\t\t\t<\/div><!--ult_price_features--><div class=\"ult_clr\"><\/div>\r\n\t\t\t<\/div><!--pricing_table-->\r\n\t\t<\/div><!--pricing_table_wrap--><\/div><\/div><\/div><\/div><\/div><\/div><\/div><\/div><\/div><\/section>","protected":false},"excerpt":{"rendered":"Facebook Twitter YouTube Instagram KurumsalHOME PAGE CORPORATE PRODUCTS FRESH PRODUCTS FROZEN PRODUCTS Anchovy EXPORT CONTACT Language:&nbsp; &nbsp;Turkish &nbsp;English &nbsp;\u0420\u0443\u0441\u0441\u043a\u0438\u0439 MenuHOME PAGE CORPORATE PRODUCTS FRESH PRODUCTS FROZEN PRODUCTS Anchovy EXPORT CONTACT Language:&nbsp; &nbsp;Turkish &nbsp;English &nbsp;\u0420\u0443\u0441\u0441\u043a\u0438\u0439 Contact \u0130skenderpa\u015fa Mah. Dervi\u015fo\u011flu Sok. No:9\/101 Ortahisar \/ TRABZON+90 (532) 363 09 06+90 (532) 330 44 56imex@imexgida.com Copyright \u00a9 2020, \u0130mex...","protected":false},"author":1,"featured_media":0,"parent":0,"menu_order":0,"comment_status":"closed","ping_status":"closed","template":"","meta":[],"_links":{"self":[{"href":"https:\/\/www.imexgida.com\/en\/wp-json\/wp\/v2\/pages\/3370"}],"collection":[{"href":"https:\/\/www.imexgida.com\/en\/wp-json\/wp\/v2\/pages"}],"about":[{"href":"https:\/\/www.imexgida.com\/en\/wp-json\/wp\/v2\/types\/page"}],"author":[{"embeddable":true,"href":"https:\/\/www.imexgida.com\/en\/wp-json\/wp\/v2\/users\/1"}],"replies":[{"embeddable":true,"href":"https:\/\/www.imexgida.com\/en\/wp-json\/wp\/v2\/comments?post=3370"}],"version-history":[{"count":8,"href":"https:\/\/www.imexgida.com\/en\/wp-json\/wp\/v2\/pages\/3370\/revisions"}],"predecessor-version":[{"id":3786,"href":"https:\/\/www.imexgida.com\/en\/wp-json\/wp\/v2\/pages\/3370\/revisions\/3786"}],"wp:attachment":[{"href":"https:\/\/www.imexgida.com\/en\/wp-json\/wp\/v2\/media?parent=3370"}],"curies":[{"name":"wp","href":"https:\/\/api.w.org\/{rel}","templated":true}]}}