{"id":3259,"date":"2020-11-21T11:00:33","date_gmt":"2020-11-21T11:00:33","guid":{"rendered":"https:\/\/www.imexgida.com\/?page_id=3259"},"modified":"2020-12-04T10:02:30","modified_gmt":"2020-12-04T10:02:30","slug":"hamsi-engraulis-encrasicolus","status":"publish","type":"page","link":"https:\/\/www.imexgida.com\/en\/hamsi-engraulis-encrasicolus\/","title":{"rendered":"Anchovy"},"content":{"rendered":"<section class=\"l-section wpb_row height_medium\"><div class=\"l-section-h i-cf\"><div class=\"g-cols type_default valign_top\"><div class=\"vc_col-sm-12 wpb_column vc_column_container\"><div class=\"vc_column-inner\"><div class=\"wpb_wrapper\"><div class=\"w-image align_center\"><div class=\"us-frame\"><img width=\"356\" height=\"91\" src=\"https:\/\/www.imexgida.com\/wp-content\/uploads\/2020\/01\/balik_hamsi.png\" class=\"attachment-full size-full\" alt=\"\" srcset=\"https:\/\/www.imexgida.com\/wp-content\/uploads\/2020\/01\/balik_hamsi.png 356w, https:\/\/www.imexgida.com\/wp-content\/uploads\/2020\/01\/balik_hamsi-300x77.png 300w\" sizes=\"(max-width: 356px) 100vw, 356px\" \/><\/div><\/div>\r\n\t<div class=\"wpb_text_column \">\r\n\t\t<div class=\"wpb_wrapper\">\r\n\t\t\t<div class=\"ld-fancy-heading text-center ld_fancy_heading_5fb4e143aee63\">\n<h4 class=\"lqd-highlight-underline lqd-highlight-grow-left\" style=\"text-align: center;\"><span class=\"ld-fh-txt\">Anchovy (Engraulis Encrasicolus)<\/span><\/h4>\n<\/div>\n<header class=\"fancy-title text-center ld_section_title_5fb4e143af3f9\">\n<p style=\"text-align: center;\">Black Sea anchovy is one of the richest fish in terms of protein, mineral and vitamin.<\/p>\n<\/header>\n\r\n\t\t<\/div>\r\n\t<\/div>\r\n<div class=\"ult_pricing_table_wrap ult_info_table ult_design_4  ult-cs-red  \">\r\n\t\t\t\t\t<div class=\"ult_pricing_table \" style=\" \"><div id=\"Info-table-wrap-5815\" class=\"ult_pricing_heading\">\r\n\t\t\t\t\t\t\t<h3 class=\"ult-responsive\"  data-ultimate-target='#Info-table-wrap-5815 h3'  data-responsive-json-new='{\"font-size\":\"\",\"line-height\":\"\"}'  style=\"font-weight:bold;\">Fresh Chilled Anchovy<\/h3><\/div><!--ult_pricing_heading--><div id=\"info_table_features_wrap-2974\"  data-ultimate-target='#info_table_features_wrap-2974.ult_price_features'  data-responsive-json-new='{\"font-size\":\"\",\"line-height\":\"\"}'  class=\"ult-responsive ult_price_features\" style=\"font-weight:normal;\">\r\n\t\t\t\t\t\t\t<p style=\"text-align: center;\"><strong>Caliber<\/strong><\/p>\n<hr \/>\n<p style=\"text-align: center;\">90-110 piece\/kg<\/p>\n<hr \/>\n<p style=\"text-align: center;\"><strong>Packaging<\/strong><\/p>\n<hr \/>\n<p style=\"text-align: center;\">5 kg, 10 kg EPS boxes<\/p>\n\r\n\t\t\t\t\t\t<\/div><!--ult_price_features--><div class=\"ult_clr\"><\/div>\r\n\t\t\t<\/div><!--pricing_table-->\r\n\t\t<\/div><!--pricing_table_wrap--><div class=\"g-cols wpb_row type_default valign_top vc_inner \"><div class=\"vc_col-sm-6 wpb_column vc_column_container\"><div class=\"vc_column-inner\"><div class=\"wpb_wrapper\"><div class=\"ult_pricing_table_wrap ult_info_table ult_design_4  ult-cs-blue  \">\r\n\t\t\t\t\t<div class=\"ult_pricing_table \" style=\" \"><div id=\"Info-table-wrap-5537\" class=\"ult_pricing_heading\">\r\n\t\t\t\t\t\t\t<h3 class=\"ult-responsive\"  data-ultimate-target='#Info-table-wrap-5537 h3'  data-responsive-json-new='{\"font-size\":\"\",\"line-height\":\"\"}'  style=\"font-weight:bold;color:#2867b6;\">Nutritive Value<\/h3><\/div><!--ult_pricing_heading--><div id=\"info_table_features_wrap-5769\"  data-ultimate-target='#info_table_features_wrap-5769.ult_price_features'  data-responsive-json-new='{\"font-size\":\"\",\"line-height\":\"\"}'  class=\"ult-responsive ult_price_features\" style=\"font-weight:normal;\">\r\n\t\t\t\t\t\t\t<p style=\"text-align: center;\"><strong>Energy<\/strong><\/p>\n<hr \/>\n<p style=\"text-align: center;\"><strong>Carbohydrate<\/strong><\/p>\n<hr \/>\n<p style=\"text-align: center;\"><strong>Protein<\/strong><\/p>\n<hr \/>\n<p style=\"text-align: center;\"><strong>Calcium<\/strong><\/p>\n<hr \/>\n<p style=\"text-align: center;\"><strong>Sodium<\/strong><\/p>\n<hr \/>\n<p style=\"text-align: center;\"><strong>Phosphorus<\/strong><\/p>\n\r\n\t\t\t\t\t\t<\/div><!--ult_price_features--><div class=\"ult_clr\"><\/div>\r\n\t\t\t<\/div><!--pricing_table-->\r\n\t\t<\/div><!--pricing_table_wrap--><\/div><\/div><\/div><div class=\"vc_col-sm-6 wpb_column vc_column_container\"><div class=\"vc_column-inner\"><div class=\"wpb_wrapper\"><div class=\"ult_pricing_table_wrap ult_info_table ult_design_4  ult-cs-green  \">\r\n\t\t\t\t\t<div class=\"ult_pricing_table \" style=\" \"><div id=\"Info-table-wrap-8560\" class=\"ult_pricing_heading\">\r\n\t\t\t\t\t\t\t<h3 class=\"ult-responsive\"  data-ultimate-target='#Info-table-wrap-8560 h3'  data-responsive-json-new='{\"font-size\":\"\",\"line-height\":\"\"}'  style=\"font-weight:bold;color:#17924b;\">100 for gr<\/h3><\/div><!--ult_pricing_heading--><div id=\"info_table_features_wrap-6835\"  data-ultimate-target='#info_table_features_wrap-6835.ult_price_features'  data-responsive-json-new='{\"font-size\":\"\",\"line-height\":\"\"}'  class=\"ult-responsive ult_price_features\" style=\"font-weight:normal;\">\r\n\t\t\t\t\t\t\t<p style=\"text-align: center;\">170,53 <strong>KCal<\/strong><\/p>\n<hr \/>\n<p style=\"text-align: center;\">6,81 <strong>gr<\/strong><\/p>\n<hr \/>\n<p style=\"text-align: center;\">16,63 <strong>gr<\/strong><\/p>\n<hr \/>\n<p style=\"text-align: center;\">731 <strong>mg\/Kg<\/strong><\/p>\n<hr \/>\n<p style=\"text-align: center;\">545 <strong>mg\/Kg<\/strong><\/p>\n<hr \/>\n<p style=\"text-align: center;\">24.520 <strong>mg\/Kg<\/strong><\/p>\n\r\n\t\t\t\t\t\t<\/div><!--ult_price_features--><div class=\"ult_clr\"><\/div>\r\n\t\t\t<\/div><!--pricing_table-->\r\n\t\t<\/div><!--pricing_table_wrap--><\/div><\/div><\/div><\/div><\/div><\/div><\/div><\/div><\/div><\/section>","protected":false},"excerpt":{"rendered":"Facebook Twitter YouTube Instagram KurumsalHOME PAGE CORPORATE PRODUCTS FRESH PRODUCTS FROZEN PRODUCTS Anchovy EXPORT CONTACT Language:&nbsp; &nbsp;Turkish &nbsp;English &nbsp;\u0420\u0443\u0441\u0441\u043a\u0438\u0439 MenuHOME PAGE CORPORATE PRODUCTS FRESH PRODUCTS FROZEN PRODUCTS Anchovy EXPORT CONTACT Language:&nbsp; &nbsp;Turkish &nbsp;English &nbsp;\u0420\u0443\u0441\u0441\u043a\u0438\u0439 Contact \u0130skenderpa\u015fa Mah. Dervi\u015fo\u011flu Sok. No:9\/101 Ortahisar \/ TRABZON+90 (532) 363 09 06+90 (532) 330 44 56imex@imexgida.com Copyright \u00a9 2020, \u0130mex...","protected":false},"author":1,"featured_media":0,"parent":0,"menu_order":0,"comment_status":"closed","ping_status":"closed","template":"","meta":[],"_links":{"self":[{"href":"https:\/\/www.imexgida.com\/en\/wp-json\/wp\/v2\/pages\/3259"}],"collection":[{"href":"https:\/\/www.imexgida.com\/en\/wp-json\/wp\/v2\/pages"}],"about":[{"href":"https:\/\/www.imexgida.com\/en\/wp-json\/wp\/v2\/types\/page"}],"author":[{"embeddable":true,"href":"https:\/\/www.imexgida.com\/en\/wp-json\/wp\/v2\/users\/1"}],"replies":[{"embeddable":true,"href":"https:\/\/www.imexgida.com\/en\/wp-json\/wp\/v2\/comments?post=3259"}],"version-history":[{"count":4,"href":"https:\/\/www.imexgida.com\/en\/wp-json\/wp\/v2\/pages\/3259\/revisions"}],"predecessor-version":[{"id":3705,"href":"https:\/\/www.imexgida.com\/en\/wp-json\/wp\/v2\/pages\/3259\/revisions\/3705"}],"wp:attachment":[{"href":"https:\/\/www.imexgida.com\/en\/wp-json\/wp\/v2\/media?parent=3259"}],"curies":[{"name":"wp","href":"https:\/\/api.w.org\/{rel}","templated":true}]}}