{"id":14,"date":"2015-07-06T08:33:48","date_gmt":"2015-07-06T08:33:48","guid":{"rendered":"http:\/\/resca.thimpress.com\/?page_id=14"},"modified":"2021-06-28T12:55:16","modified_gmt":"2021-06-28T12:55:16","slug":"iletisim","status":"publish","type":"page","link":"https:\/\/www.imexgida.com\/en\/iletisim\/","title":{"rendered":"Contact us"},"content":{"rendered":"<section class=\"l-section wpb_row height_medium\"><div class=\"l-section-h i-cf\"><div class=\"g-cols type_default valign_top\"><div class=\"vc_col-sm-6 wpb_column vc_column_container\"><div class=\"vc_column-inner\"><div class=\"wpb_wrapper\">\r\n\t<div class=\"wpb_text_column \">\r\n\t\t<div class=\"wpb_wrapper\">\r\n\t\t\t<h4 style=\"text-align: left;\" data-index=\"0\" data-style=\"{&quot;widget_css&quot;:&quot;margin-bottom: 20px&quot;,&quot;background_display&quot;:&quot;tile&quot;}\"><strong>Contact Form<\/strong><\/h4>\n<p>[contact-form-7 id=&#8221;3731&#8243; title=&#8221;en&#8221;]<\/p>\n\r\n\t\t<\/div>\r\n\t<\/div>\r\n<\/div><\/div><\/div><div class=\"vc_col-sm-6 wpb_column vc_column_container\"><div class=\"vc_column-inner\"><div class=\"wpb_wrapper\">\r\n\t<div class=\"wpb_text_column \">\r\n\t\t<div class=\"wpb_wrapper\">\r\n\t\t\t<h4 style=\"text-align: left;\" data-index=\"0\" data-style=\"{&quot;widget_css&quot;:&quot;margin-bottom: 20px&quot;,&quot;background_display&quot;:&quot;tile&quot;}\"><strong>Contact information<\/strong><\/h4>\n\r\n\t\t<\/div>\r\n\t<\/div>\r\n<div class=\"w-contacts\"><div class=\"w-contacts-list\"><div class=\"w-contacts-item for_address\"><span class=\"w-contacts-item-value\">\u0130skenderpa\u015fa Mah. Dervi\u015fo\u011flu Sok. No:9\/504 Ortahisar \/ TRABZON<\/span><\/div><div class=\"w-contacts-item for_phone\"><span class=\"w-contacts-item-value\">+90 (532) 363 09 06<br \/>\n+90 (532) 330 44 56<\/span><\/div><div class=\"w-contacts-item for_email\"><span class=\"w-contacts-item-value\"><a href=\"mailto:imex@imexgida.com\">imex@imexgida.com<\/a><\/span><\/div><\/div><\/div><\/div><\/div><\/div><\/div><\/div><\/section><section class=\"l-section wpb_row height_auto width_full\"><div class=\"l-section-h i-cf\"><div class=\"g-cols type_default valign_top\"><div class=\"vc_col-sm-12 wpb_column vc_column_container\"><div class=\"vc_column-inner\"><div class=\"wpb_wrapper\">\r\n\t<div class=\"wpb_text_column \">\r\n\t\t<div class=\"wpb_wrapper\">\r\n\t\t\t<p><iframe style=\"border: 0;\" tabindex=\"0\" src=\"https:\/\/www.google.com\/maps\/embed?pb=!1m18!1m12!1m3!1d3010.904976843963!2d39.73159531541401!3d41.005452979301076!2m3!1f0!2f0!3f0!3m2!1i1024!2i768!4f13.1!3m3!1m2!1s0x40643c435d105507%3A0x2454894edb7f16d5!2zxLBza2VuZGVycGHFn2EsIERlcnZpxZ9vxJ9sdSDDh2suIE5vOjksIDYxMTAwIFRyYWJ6b24gTWVya2V6L1RyYWJ6b24!5e0!3m2!1str!2str!4v1606163407854!5m2!1str!2str\" width=\"100%\" height=\"450\" frameborder=\"0\" allowfullscreen=\"allowfullscreen\" aria-hidden=\"false\"><\/iframe><\/p>\n\r\n\t\t<\/div>\r\n\t<\/div>\r\n<\/div><\/div><\/div><\/div><\/div><\/section>","protected":false},"excerpt":{"rendered":"Facebook Twitter YouTube Instagram KurumsalHOME PAGE CORPORATE PRODUCTS FRESH PRODUCTS FROZEN PRODUCTS Anchovy EXPORT CONTACT Language:&nbsp; &nbsp;Turkish &nbsp;English &nbsp;\u0420\u0443\u0441\u0441\u043a\u0438\u0439 MenuHOME PAGE CORPORATE PRODUCTS FRESH PRODUCTS FROZEN PRODUCTS Anchovy EXPORT CONTACT Language:&nbsp; &nbsp;Turkish &nbsp;English &nbsp;\u0420\u0443\u0441\u0441\u043a\u0438\u0439 Contact \u0130skenderpa\u015fa Mah. Dervi\u015fo\u011flu Sok. No:9\/101 Ortahisar \/ TRABZON+90 (532) 363 09 06+90 (532) 330 44 56imex@imexgida.com Copyright \u00a9 2020, \u0130mex...","protected":false},"author":1,"featured_media":0,"parent":0,"menu_order":0,"comment_status":"closed","ping_status":"open","template":"","meta":[],"_links":{"self":[{"href":"https:\/\/www.imexgida.com\/en\/wp-json\/wp\/v2\/pages\/14"}],"collection":[{"href":"https:\/\/www.imexgida.com\/en\/wp-json\/wp\/v2\/pages"}],"about":[{"href":"https:\/\/www.imexgida.com\/en\/wp-json\/wp\/v2\/types\/page"}],"author":[{"embeddable":true,"href":"https:\/\/www.imexgida.com\/en\/wp-json\/wp\/v2\/users\/1"}],"replies":[{"embeddable":true,"href":"https:\/\/www.imexgida.com\/en\/wp-json\/wp\/v2\/comments?post=14"}],"version-history":[{"count":27,"href":"https:\/\/www.imexgida.com\/en\/wp-json\/wp\/v2\/pages\/14\/revisions"}],"predecessor-version":[{"id":3828,"href":"https:\/\/www.imexgida.com\/en\/wp-json\/wp\/v2\/pages\/14\/revisions\/3828"}],"wp:attachment":[{"href":"https:\/\/www.imexgida.com\/en\/wp-json\/wp\/v2\/media?parent=14"}],"curies":[{"name":"wp","href":"https:\/\/api.w.org\/{rel}","templated":true}]}}